{"id":11,"date":"2022-09-30T15:20:14","date_gmt":"2022-09-30T13:20:14","guid":{"rendered":"https:\/\/www.whatthefit.fr\/?page_id=11"},"modified":"2024-08-25T15:41:08","modified_gmt":"2024-08-25T13:41:08","slug":"gymnastique_suedoise","status":"publish","type":"page","link":"https:\/\/www.whatthefit.fr\/","title":{"rendered":"WTF!"},"content":{"rendered":"\n<h2 class=\"wp-block-heading\">WHAT THE FIT, c&rsquo;est quoi ?<\/h2>\n\n\n\n<p>C&rsquo;est une<strong> association sportive<\/strong> Loi 1901 qui propose des cours de fitness bas\u00e9s sur le concept de la <strong>Gymnastique Su\u00e9doise<\/strong>, \u00e0 Aix-en-Provence et Les Milles.<\/p>\n\n\n\n<p>Notre association existe depuis 2017 et s&rsquo;est fix\u00e9 comme but :<\/p>\n\n\n\n<div class=\"wp-block-cover has-parallax wp-duotone-unset-1\"><span aria-hidden=\"true\" class=\"wp-block-cover__background has-black-background-color has-background-dim\"><\/span><div class=\"wp-block-cover__image-background wp-image-2688 has-parallax\" style=\"background-position:50% 50%;background-image:url(https:\/\/www.whatthefit.fr\/wp-content\/uploads\/2024\/08\/16012024-0B9A9341-scaled.jpg)\"><\/div><div class=\"wp-block-cover__inner-container is-layout-flow wp-block-cover-is-layout-flow\">\n<p class=\"has-text-align-center has-white-color has-text-color has-large-font-size\"><strong>de te faire aimer le sport !<\/strong><\/p>\n<\/div><\/div>\n\n\n\n<hr class=\"wp-block-separator has-alpha-channel-opacity is-style-wide\"\/>\n\n\n\n<h2 class=\"wp-block-heading\">Comment ? <\/h2>\n\n\n\n<p>Pour atteindre cet objectif, What the Fit a la formule magique :<\/p>\n\n\n\n<ul class=\"wp-block-list\">\n<li><strong>des cours<\/strong> de gymnastique su\u00e9doise <strong>fun et conviviaux<\/strong><\/li>\n\n\n\n<li>une \u00e9quipe de <strong>b\u00e9n\u00e9voles passionn\u00e9es <\/strong><\/li>\n\n\n\n<li><strong>10 intensit\u00e9s diff\u00e9rentes<\/strong> pour s&rsquo;adapter \u00e0 toutes les envies et conditions physiques<\/li>\n\n\n\n<li>une offre <strong>flexible<\/strong><\/li>\n\n\n\n<li>des <strong>tarifs hyper attractifs<\/strong><\/li>\n\n\n\n<li>et <strong>5 salles <\/strong>pour nous trouver partout<\/li>\n<\/ul>\n\n\n\n<p>Pour en savoir plus :<\/p>\n\n\n\n<div class=\"wp-block-buttons is-content-justification-center is-layout-flex wp-container-core-buttons-is-layout-16018d1d wp-block-buttons-is-layout-flex\">\n<div class=\"wp-block-button is-style-fill\"><a class=\"wp-block-button__link wp-element-button\" href=\"https:\/\/www.whatthefit.fr\/index.php\/nos-intensites\/\" style=\"border-radius:30px\">nos intensit\u00e9s<\/a><\/div>\n\n\n\n<div class=\"wp-block-button is-style-fill\"><a class=\"wp-block-button__link wp-element-button\" href=\"https:\/\/www.whatthefit.fr\/index.php\/tarifs\/\" style=\"border-radius:30px\">nos tarifs<\/a><\/div>\n\n\n\n<div class=\"wp-block-button is-style-fill\"><a class=\"wp-block-button__link wp-element-button\" href=\"https:\/\/www.whatthefit.fr\/index.php\/viens-essayer\/\" style=\"border-radius:30px\">viens essayer<\/a><\/div>\n\n\n\n<div class=\"wp-block-button is-style-fill\"><a class=\"wp-block-button__link wp-element-button\" href=\"https:\/\/www.whatthefit.fr\/index.php\/nous-trouver\/\">nous trouver<\/a><\/div>\n\n\n\n<div class=\"wp-block-button is-style-fill\"><a class=\"wp-block-button__link wp-element-button\" href=\"https:\/\/www.whatthefit.fr\/index.php\/planning\/\">planning<\/a><\/div>\n<\/div>\n\n\n\n<hr class=\"wp-block-separator has-alpha-channel-opacity is-style-wide\"\/>\n\n\n\n<p style=\"font-size:15px\">What the Fit, c&rsquo;est du Fitness sans chichis, dans une ambiance fun et conviviale\u00a0! Une activit\u00e9 sportive\u00a0pens\u00e9e pour \u00eatre <a href=\"https:\/\/www.whatthefit.fr\/index.php\/nos-intensites\/\">accessible au plus grand nombre<\/a>,\u00a0\u00e0 des <a href=\"https:\/\/www.whatthefit.fr\/index.php\/tarifs\/\">tarifs hyper attractifs<\/a> et id\u00e9ale pour\u00a0se remettre en forme,\u00a0perdre du poids, se muscler\u00a0ou simplement se faire du bien. Des cours collectifs de fitness\u00a0en musique, accessible au plus grand nombre avec\u00a0<a href=\"https:\/\/www.whatthefit.fr\/index.php\/nos-intensites\/\">10 intensit\u00e9s<\/a> qui allient renforcement musculaire et cardio, mais aussi\u00a0\u00e9quilibre, souplesse &amp; coordination. Tu peux nous trouver dans <a href=\"https:\/\/www.whatthefit.fr\/index.php\/nous-trouver\/\">6 salles <\/a>sur Aix-en-Provence, les Milles et au Tholonet. <a href=\"https:\/\/www.whatthefit.fr\/index.php\/tarifs\/\">Formules sans engagement<\/a>, chacun est libre de participer aux cours de son choix, en illimit\u00e9, selon ses disponibilit\u00e9s !<\/p>\n\n\n\n<p class=\"has-text-align-center\"><strong>May the Fit be With You !<\/strong><\/p>\n","protected":false},"excerpt":{"rendered":"<p>WHAT THE FIT, c&rsquo;est quoi ? C&rsquo;est une association sportive Loi 1901 qui propose des cours de fitness bas\u00e9s sur le concept de la Gymnastique Su\u00e9doise, \u00e0 Aix-en-Provence et Les Milles. Notre association existe depuis 2017 et s&rsquo;est fix\u00e9 comme but : Comment ? Pour atteindre cet objectif, What the Fit a la formule magique [&hellip;]<\/p>\n","protected":false},"author":1,"featured_media":0,"parent":0,"menu_order":0,"comment_status":"closed","ping_status":"closed","template":"","meta":{"_uag_custom_page_level_css":"","footnotes":""},"class_list":["post-11","page","type-page","status-publish","hentry","entry"],"yoast_head":"<!-- This site is optimized with the Yoast SEO plugin v27.5 - https:\/\/yoast.com\/product\/yoast-seo-wordpress\/ -->\n<title>WTF - association sportive de Gymnastique Su\u00e9doise<\/title>\n<meta name=\"description\" content=\"C&#039;est une association sportive Loi 1901 qui propose des cours de fitness bas\u00e9s sur le concept de la Gymnastique Su\u00e9doise, \u00e0 Aix-en-Provence.\" \/>\n<meta name=\"robots\" content=\"index, follow, max-snippet:-1, max-image-preview:large, max-video-preview:-1\" \/>\n<link rel=\"canonical\" href=\"https:\/\/www.whatthefit.fr\/\" \/>\n<meta property=\"og:locale\" content=\"fr_FR\" \/>\n<meta property=\"og:type\" content=\"article\" \/>\n<meta property=\"og:title\" content=\"WTF - association sportive de Gymnastique Su\u00e9doise\" \/>\n<meta property=\"og:description\" content=\"C&#039;est une association sportive Loi 1901 qui propose des cours de fitness bas\u00e9s sur le concept de la Gymnastique Su\u00e9doise, \u00e0 Aix-en-Provence.\" \/>\n<meta property=\"og:url\" content=\"https:\/\/www.whatthefit.fr\/\" \/>\n<meta property=\"og:site_name\" content=\"What the Fit\" \/>\n<meta property=\"article:publisher\" content=\"https:\/\/www.facebook.com\/AdminWTFit\/\" \/>\n<meta property=\"article:modified_time\" content=\"2024-08-25T13:41:08+00:00\" \/>\n<meta name=\"twitter:card\" content=\"summary_large_image\" \/>\n<meta name=\"twitter:label1\" content=\"Dur\u00e9e de lecture estim\u00e9e\" \/>\n\t<meta name=\"twitter:data1\" content=\"2 minutes\" \/>\n<script type=\"application\/ld+json\" class=\"yoast-schema-graph\">{\"@context\":\"https:\\\/\\\/schema.org\",\"@graph\":[{\"@type\":\"WebPage\",\"@id\":\"https:\\\/\\\/www.whatthefit.fr\\\/\",\"url\":\"https:\\\/\\\/www.whatthefit.fr\\\/\",\"name\":\"WTF - association sportive de Gymnastique Su\u00e9doise\",\"isPartOf\":{\"@id\":\"https:\\\/\\\/www.whatthefit.fr\\\/#website\"},\"datePublished\":\"2022-09-30T13:20:14+00:00\",\"dateModified\":\"2024-08-25T13:41:08+00:00\",\"description\":\"C'est une association sportive Loi 1901 qui propose des cours de fitness bas\u00e9s sur le concept de la Gymnastique Su\u00e9doise, \u00e0 Aix-en-Provence.\",\"breadcrumb\":{\"@id\":\"https:\\\/\\\/www.whatthefit.fr\\\/#breadcrumb\"},\"inLanguage\":\"fr-FR\",\"potentialAction\":[{\"@type\":\"ReadAction\",\"target\":[\"https:\\\/\\\/www.whatthefit.fr\\\/\"]}]},{\"@type\":\"BreadcrumbList\",\"@id\":\"https:\\\/\\\/www.whatthefit.fr\\\/#breadcrumb\",\"itemListElement\":[{\"@type\":\"ListItem\",\"position\":1,\"name\":\"Accueil\",\"item\":\"https:\\\/\\\/www.whatthefit.fr\\\/\"},{\"@type\":\"ListItem\",\"position\":2,\"name\":\"WTF!\"}]},{\"@type\":\"WebSite\",\"@id\":\"https:\\\/\\\/www.whatthefit.fr\\\/#website\",\"url\":\"https:\\\/\\\/www.whatthefit.fr\\\/\",\"name\":\"What the Fit\",\"description\":\"May the Fit be With You !\",\"publisher\":{\"@id\":\"https:\\\/\\\/www.whatthefit.fr\\\/#organization\"},\"potentialAction\":[{\"@type\":\"SearchAction\",\"target\":{\"@type\":\"EntryPoint\",\"urlTemplate\":\"https:\\\/\\\/www.whatthefit.fr\\\/?s={search_term_string}\"},\"query-input\":{\"@type\":\"PropertyValueSpecification\",\"valueRequired\":true,\"valueName\":\"search_term_string\"}}],\"inLanguage\":\"fr-FR\"},{\"@type\":\"Organization\",\"@id\":\"https:\\\/\\\/www.whatthefit.fr\\\/#organization\",\"name\":\"WTF - What the Fit\",\"url\":\"https:\\\/\\\/www.whatthefit.fr\\\/\",\"logo\":{\"@type\":\"ImageObject\",\"inLanguage\":\"fr-FR\",\"@id\":\"https:\\\/\\\/www.whatthefit.fr\\\/#\\\/schema\\\/logo\\\/image\\\/\",\"url\":\"https:\\\/\\\/www.whatthefit.fr\\\/wp-content\\\/uploads\\\/2022\\\/09\\\/Copie-de-Logo-Flo-VF-Noir.png\",\"contentUrl\":\"https:\\\/\\\/www.whatthefit.fr\\\/wp-content\\\/uploads\\\/2022\\\/09\\\/Copie-de-Logo-Flo-VF-Noir.png\",\"width\":1079,\"height\":1419,\"caption\":\"WTF - What the Fit\"},\"image\":{\"@id\":\"https:\\\/\\\/www.whatthefit.fr\\\/#\\\/schema\\\/logo\\\/image\\\/\"},\"sameAs\":[\"https:\\\/\\\/www.facebook.com\\\/AdminWTFit\\\/\",\"https:\\\/\\\/www.instagram.com\\\/wtfwhatthefitaix\\\/\"]}]}<\/script>\n<!-- \/ Yoast SEO plugin. -->","yoast_head_json":{"title":"WTF - association sportive de Gymnastique Su\u00e9doise","description":"C'est une association sportive Loi 1901 qui propose des cours de fitness bas\u00e9s sur le concept de la Gymnastique Su\u00e9doise, \u00e0 Aix-en-Provence.","robots":{"index":"index","follow":"follow","max-snippet":"max-snippet:-1","max-image-preview":"max-image-preview:large","max-video-preview":"max-video-preview:-1"},"canonical":"https:\/\/www.whatthefit.fr\/","og_locale":"fr_FR","og_type":"article","og_title":"WTF - association sportive de Gymnastique Su\u00e9doise","og_description":"C'est une association sportive Loi 1901 qui propose des cours de fitness bas\u00e9s sur le concept de la Gymnastique Su\u00e9doise, \u00e0 Aix-en-Provence.","og_url":"https:\/\/www.whatthefit.fr\/","og_site_name":"What the Fit","article_publisher":"https:\/\/www.facebook.com\/AdminWTFit\/","article_modified_time":"2024-08-25T13:41:08+00:00","twitter_card":"summary_large_image","twitter_misc":{"Dur\u00e9e de lecture estim\u00e9e":"2 minutes"},"schema":{"@context":"https:\/\/schema.org","@graph":[{"@type":"WebPage","@id":"https:\/\/www.whatthefit.fr\/","url":"https:\/\/www.whatthefit.fr\/","name":"WTF - association sportive de Gymnastique Su\u00e9doise","isPartOf":{"@id":"https:\/\/www.whatthefit.fr\/#website"},"datePublished":"2022-09-30T13:20:14+00:00","dateModified":"2024-08-25T13:41:08+00:00","description":"C'est une association sportive Loi 1901 qui propose des cours de fitness bas\u00e9s sur le concept de la Gymnastique Su\u00e9doise, \u00e0 Aix-en-Provence.","breadcrumb":{"@id":"https:\/\/www.whatthefit.fr\/#breadcrumb"},"inLanguage":"fr-FR","potentialAction":[{"@type":"ReadAction","target":["https:\/\/www.whatthefit.fr\/"]}]},{"@type":"BreadcrumbList","@id":"https:\/\/www.whatthefit.fr\/#breadcrumb","itemListElement":[{"@type":"ListItem","position":1,"name":"Accueil","item":"https:\/\/www.whatthefit.fr\/"},{"@type":"ListItem","position":2,"name":"WTF!"}]},{"@type":"WebSite","@id":"https:\/\/www.whatthefit.fr\/#website","url":"https:\/\/www.whatthefit.fr\/","name":"What the Fit","description":"May the Fit be With You !","publisher":{"@id":"https:\/\/www.whatthefit.fr\/#organization"},"potentialAction":[{"@type":"SearchAction","target":{"@type":"EntryPoint","urlTemplate":"https:\/\/www.whatthefit.fr\/?s={search_term_string}"},"query-input":{"@type":"PropertyValueSpecification","valueRequired":true,"valueName":"search_term_string"}}],"inLanguage":"fr-FR"},{"@type":"Organization","@id":"https:\/\/www.whatthefit.fr\/#organization","name":"WTF - What the Fit","url":"https:\/\/www.whatthefit.fr\/","logo":{"@type":"ImageObject","inLanguage":"fr-FR","@id":"https:\/\/www.whatthefit.fr\/#\/schema\/logo\/image\/","url":"https:\/\/www.whatthefit.fr\/wp-content\/uploads\/2022\/09\/Copie-de-Logo-Flo-VF-Noir.png","contentUrl":"https:\/\/www.whatthefit.fr\/wp-content\/uploads\/2022\/09\/Copie-de-Logo-Flo-VF-Noir.png","width":1079,"height":1419,"caption":"WTF - What the Fit"},"image":{"@id":"https:\/\/www.whatthefit.fr\/#\/schema\/logo\/image\/"},"sameAs":["https:\/\/www.facebook.com\/AdminWTFit\/","https:\/\/www.instagram.com\/wtfwhatthefitaix\/"]}]}},"uagb_featured_image_src":{"full":false,"thumbnail":false,"medium":false,"medium_large":false,"large":false,"1536x1536":false,"2048x2048":false,"ocean-thumb-m":false,"ocean-thumb-ml":false,"ocean-thumb-l":false,"mailpoet_newsletter_max":false,"woocommerce_thumbnail":false,"woocommerce_single":false,"woocommerce_gallery_thumbnail":false},"uagb_author_info":{"display_name":"Admin1944","author_link":"https:\/\/www.whatthefit.fr\/index.php\/author\/admin1944\/"},"uagb_comment_info":0,"uagb_excerpt":"WHAT THE FIT, c&rsquo;est quoi ? C&rsquo;est une association sportive Loi 1901 qui propose des cours de fitness bas\u00e9s sur le concept de la Gymnastique Su\u00e9doise, \u00e0 Aix-en-Provence et Les Milles. Notre association existe depuis 2017 et s&rsquo;est fix\u00e9 comme but : Comment ? Pour atteindre cet objectif, What the Fit a la formule magique\u2026","_links":{"self":[{"href":"https:\/\/www.whatthefit.fr\/index.php\/wp-json\/wp\/v2\/pages\/11","targetHints":{"allow":["GET"]}}],"collection":[{"href":"https:\/\/www.whatthefit.fr\/index.php\/wp-json\/wp\/v2\/pages"}],"about":[{"href":"https:\/\/www.whatthefit.fr\/index.php\/wp-json\/wp\/v2\/types\/page"}],"author":[{"embeddable":true,"href":"https:\/\/www.whatthefit.fr\/index.php\/wp-json\/wp\/v2\/users\/1"}],"replies":[{"embeddable":true,"href":"https:\/\/www.whatthefit.fr\/index.php\/wp-json\/wp\/v2\/comments?post=11"}],"version-history":[{"count":42,"href":"https:\/\/www.whatthefit.fr\/index.php\/wp-json\/wp\/v2\/pages\/11\/revisions"}],"predecessor-version":[{"id":2690,"href":"https:\/\/www.whatthefit.fr\/index.php\/wp-json\/wp\/v2\/pages\/11\/revisions\/2690"}],"wp:attachment":[{"href":"https:\/\/www.whatthefit.fr\/index.php\/wp-json\/wp\/v2\/media?parent=11"}],"curies":[{"name":"wp","href":"https:\/\/api.w.org\/{rel}","templated":true}]}}