{"id":14,"date":"2022-09-30T15:20:38","date_gmt":"2022-09-30T13:20:38","guid":{"rendered":"https:\/\/www.whatthefit.fr\/?page_id=14"},"modified":"2025-10-15T16:02:25","modified_gmt":"2025-10-15T14:02:25","slug":"nos-intensites","status":"publish","type":"page","link":"https:\/\/www.whatthefit.fr\/index.php\/nos-intensites\/","title":{"rendered":"Nos intensit\u00e9s"},"content":{"rendered":"\n<p>Parmi nos intensit\u00e9s, tu trouveras forc\u00e9ment ton bonheur !<\/p>\n\n\n\n<div class=\"wp-block-columns is-layout-flex wp-container-core-columns-is-layout-9d6595d7 wp-block-columns-is-layout-flex\">\n<div class=\"wp-block-column is-layout-flow wp-block-column-is-layout-flow\">\n<div class=\"wp-block-cover has-custom-content-position is-position-top-center\" style=\"min-height:515px;aspect-ratio:unset;\"><img loading=\"lazy\" decoding=\"async\" width=\"1536\" height=\"2048\" class=\"wp-block-cover__image-background wp-image-1176\" alt=\"\" src=\"https:\/\/www.whatthefit.fr\/wp-content\/uploads\/2023\/08\/IMG-20220107-WA0003.jpg\" style=\"object-position:63% 57%\" data-object-fit=\"cover\" data-object-position=\"63% 57%\" srcset=\"https:\/\/www.whatthefit.fr\/wp-content\/uploads\/2023\/08\/IMG-20220107-WA0003.jpg 1536w, https:\/\/www.whatthefit.fr\/wp-content\/uploads\/2023\/08\/IMG-20220107-WA0003-225x300.jpg 225w, https:\/\/www.whatthefit.fr\/wp-content\/uploads\/2023\/08\/IMG-20220107-WA0003-768x1024.jpg 768w, https:\/\/www.whatthefit.fr\/wp-content\/uploads\/2023\/08\/IMG-20220107-WA0003-1152x1536.jpg 1152w, https:\/\/www.whatthefit.fr\/wp-content\/uploads\/2023\/08\/IMG-20220107-WA0003-1320x1760.jpg 1320w, https:\/\/www.whatthefit.fr\/wp-content\/uploads\/2023\/08\/IMG-20220107-WA0003-600x800.jpg 600w\" sizes=\"auto, (max-width: 1536px) 100vw, 1536px\" \/><span aria-hidden=\"true\" class=\"wp-block-cover__background has-vivid-cyan-blue-background-color has-background-dim-60 has-background-dim\"><\/span><div class=\"wp-block-cover__inner-container is-layout-constrained wp-block-cover-is-layout-constrained\">\n<p class=\"has-text-align-center has-white-color has-text-color has-large-font-size\">SLOW <\/p>\n\n\n\n<p class=\"has-white-color has-text-color\"><strong>Soft<\/strong><\/p>\n\n\n\n<p class=\"has-white-color has-text-color\">Un cours complet aux impacts limit\u00e9s pour reprendre le sport en douceur, ou se familiariser avec le concept.<\/p>\n\n\n\n<p class=\"has-white-color has-text-color\"><strong>Focus<\/strong><\/p>\n\n\n\n<p class=\"has-white-color has-text-color\">Un cours ax\u00e9 sur la respiration, la concentration et le renforcement des muscles profonds.<\/p>\n\n\n\n<p>Flow<\/p>\n\n\n\n<p>\u00c0 mi-chemin entre yin yoga, mobilit\u00e9 et travail du fascia, ce cours invite \u00e0 rel\u00e2cher le mental pour se reconnecter au corps.<\/p>\n<\/div><\/div>\n<\/div>\n\n\n\n<div class=\"wp-block-column is-layout-flow wp-block-column-is-layout-flow\">\n<div class=\"wp-block-cover is-light has-custom-content-position is-position-top-center\" style=\"min-height:515px;aspect-ratio:unset;\"><img loading=\"lazy\" decoding=\"async\" width=\"2560\" height=\"1707\" class=\"wp-block-cover__image-background wp-image-506\" alt=\"\" src=\"https:\/\/www.whatthefit.fr\/wp-content\/uploads\/2022\/10\/01022022-IMG_0874-1-scaled.jpg\" style=\"object-position:0% 24%\" data-object-fit=\"cover\" data-object-position=\"0% 24%\" srcset=\"https:\/\/www.whatthefit.fr\/wp-content\/uploads\/2022\/10\/01022022-IMG_0874-1-scaled.jpg 2560w, https:\/\/www.whatthefit.fr\/wp-content\/uploads\/2022\/10\/01022022-IMG_0874-1-300x200.jpg 300w, https:\/\/www.whatthefit.fr\/wp-content\/uploads\/2022\/10\/01022022-IMG_0874-1-1024x683.jpg 1024w, https:\/\/www.whatthefit.fr\/wp-content\/uploads\/2022\/10\/01022022-IMG_0874-1-768x512.jpg 768w, https:\/\/www.whatthefit.fr\/wp-content\/uploads\/2022\/10\/01022022-IMG_0874-1-1536x1024.jpg 1536w, https:\/\/www.whatthefit.fr\/wp-content\/uploads\/2022\/10\/01022022-IMG_0874-1-2048x1365.jpg 2048w, https:\/\/www.whatthefit.fr\/wp-content\/uploads\/2022\/10\/01022022-IMG_0874-1-1320x880.jpg 1320w, https:\/\/www.whatthefit.fr\/wp-content\/uploads\/2022\/10\/01022022-IMG_0874-1-600x400.jpg 600w\" sizes=\"auto, (max-width: 2560px) 100vw, 2560px\" \/><span aria-hidden=\"true\" class=\"wp-block-cover__background has-luminous-vivid-amber-background-color has-background-dim-60 has-background-dim\"><\/span><div class=\"wp-block-cover__inner-container is-layout-constrained wp-block-cover-is-layout-constrained\">\n<p class=\"has-text-align-center has-white-color has-text-color has-large-font-size\">CLASSIC<\/p>\n\n\n\n<p class=\"has-white-color has-text-color\"><strong>Regular<\/strong><\/p>\n\n\n\n<p class=\"has-white-color has-text-color\">Un cours complet, cardio et renfo, accessible \u00e0 tous pour bouger sur le rythme de la musique !<\/p>\n\n\n\n<p class=\"has-white-color has-text-color has-link-color wp-elements-a7cf145781e00ae36c8076bc7b30167b\"><strong>Regular 75<\/strong><\/p>\n\n\n\n<p class=\"has-white-color has-text-color has-link-color wp-elements-922489e60ba71ea1b80cc707752790e2\">M\u00eame recette, mais le temps de cuisson change pour 75 minutes !<\/p>\n\n\n\n<p class=\"has-white-color has-text-color\"><strong>Power<\/strong><\/p>\n\n\n\n<p class=\"has-white-color has-text-color\">Une intensit\u00e9 orient\u00e9e sur le renforcement musculaire global pour gagner en force !<\/p>\n\n\n\n<p class=\"has-white-color has-text-color\"><strong>Work<\/strong><\/p>\n\n\n\n<p class=\"has-white-color has-text-color\">Un circuit training en petits groupes pour du challenge et du fun !<\/p>\n<\/div><\/div>\n<\/div>\n<\/div>\n\n\n\n<div style=\"height:30px\" aria-hidden=\"true\" class=\"wp-block-spacer\"><\/div>\n\n\n\n<div class=\"wp-block-columns is-layout-flex wp-container-core-columns-is-layout-9d6595d7 wp-block-columns-is-layout-flex\">\n<div class=\"wp-block-column is-layout-flow wp-block-column-is-layout-flow\">\n<div class=\"wp-block-cover has-custom-content-position is-position-top-center\" style=\"min-height:515px;aspect-ratio:unset;\"><img loading=\"lazy\" decoding=\"async\" width=\"2560\" height=\"1707\" class=\"wp-block-cover__image-background wp-image-503\" alt=\"\" src=\"https:\/\/www.whatthefit.fr\/wp-content\/uploads\/2022\/10\/15092022-IMG_1620-scaled.jpg\" style=\"object-position:34% 35%\" data-object-fit=\"cover\" data-object-position=\"34% 35%\" srcset=\"https:\/\/www.whatthefit.fr\/wp-content\/uploads\/2022\/10\/15092022-IMG_1620-scaled.jpg 2560w, https:\/\/www.whatthefit.fr\/wp-content\/uploads\/2022\/10\/15092022-IMG_1620-300x200.jpg 300w, https:\/\/www.whatthefit.fr\/wp-content\/uploads\/2022\/10\/15092022-IMG_1620-1024x683.jpg 1024w, https:\/\/www.whatthefit.fr\/wp-content\/uploads\/2022\/10\/15092022-IMG_1620-768x512.jpg 768w, https:\/\/www.whatthefit.fr\/wp-content\/uploads\/2022\/10\/15092022-IMG_1620-1536x1024.jpg 1536w, https:\/\/www.whatthefit.fr\/wp-content\/uploads\/2022\/10\/15092022-IMG_1620-2048x1365.jpg 2048w, https:\/\/www.whatthefit.fr\/wp-content\/uploads\/2022\/10\/15092022-IMG_1620-1320x880.jpg 1320w, https:\/\/www.whatthefit.fr\/wp-content\/uploads\/2022\/10\/15092022-IMG_1620-600x400.jpg 600w\" sizes=\"auto, (max-width: 2560px) 100vw, 2560px\" \/><span aria-hidden=\"true\" class=\"wp-block-cover__background has-vivid-purple-background-color has-background-dim-60 has-background-dim\"><\/span><div class=\"wp-block-cover__inner-container is-layout-constrained wp-block-cover-is-layout-constrained\">\n<p class=\"has-text-align-center has-white-color has-text-color has-large-font-size\">DEEP<\/p>\n\n\n\n<p class=\"has-white-color has-text-color\"><strong>Balance<\/strong><\/p>\n\n\n\n<p class=\"has-white-color has-text-color\">Un cours bas\u00e9 sur un travail en profondeur pour renforcer ses muscles posturaux et am\u00e9liorer son \u00e9quilibre.<\/p>\n\n\n\n<p class=\"has-white-color has-text-color\"><strong>Flex<\/strong><\/p>\n\n\n\n<p class=\"has-white-color has-text-color\">Une approche douce et dynamique pour un m\u00e9lange de Yoga et Pilates, garanti anti-stress !<\/p>\n<\/div><\/div>\n<\/div>\n\n\n\n<div class=\"wp-block-column is-layout-flow wp-block-column-is-layout-flow\">\n<div class=\"wp-block-cover has-custom-content-position is-position-top-center\" style=\"min-height:515px;aspect-ratio:unset;\"><img loading=\"lazy\" decoding=\"async\" width=\"1706\" height=\"2560\" class=\"wp-block-cover__image-background wp-image-505\" alt=\"\" src=\"https:\/\/www.whatthefit.fr\/wp-content\/uploads\/2022\/10\/01022022-IMG_0788-1-scaled.jpg\" style=\"object-position:51% 54%\" data-object-fit=\"cover\" data-object-position=\"51% 54%\" srcset=\"https:\/\/www.whatthefit.fr\/wp-content\/uploads\/2022\/10\/01022022-IMG_0788-1-scaled.jpg 1706w, https:\/\/www.whatthefit.fr\/wp-content\/uploads\/2022\/10\/01022022-IMG_0788-1-200x300.jpg 200w, https:\/\/www.whatthefit.fr\/wp-content\/uploads\/2022\/10\/01022022-IMG_0788-1-683x1024.jpg 683w, https:\/\/www.whatthefit.fr\/wp-content\/uploads\/2022\/10\/01022022-IMG_0788-1-768x1152.jpg 768w, https:\/\/www.whatthefit.fr\/wp-content\/uploads\/2022\/10\/01022022-IMG_0788-1-1024x1536.jpg 1024w, https:\/\/www.whatthefit.fr\/wp-content\/uploads\/2022\/10\/01022022-IMG_0788-1-1365x2048.jpg 1365w, https:\/\/www.whatthefit.fr\/wp-content\/uploads\/2022\/10\/01022022-IMG_0788-1-1320x1980.jpg 1320w, https:\/\/www.whatthefit.fr\/wp-content\/uploads\/2022\/10\/01022022-IMG_0788-1-600x900.jpg 600w\" sizes=\"auto, (max-width: 1706px) 100vw, 1706px\" \/><span aria-hidden=\"true\" class=\"wp-block-cover__background has-vivid-red-background-color has-background-dim-60 has-background-dim\"><\/span><div class=\"wp-block-cover__inner-container is-layout-constrained wp-block-cover-is-layout-constrained\">\n<p class=\"has-text-align-center has-white-color has-text-color has-large-font-size\">MAX<\/p>\n\n\n\n<p class=\"has-white-color has-text-color\"><strong>HIIT<\/strong><\/p>\n\n\n\n<p class=\"has-white-color has-text-color\">Un cours explosif et du travail en fractionn\u00e9 pour br\u00fbler un maximum de calories !<\/p>\n\n\n\n<p class=\"has-white-color has-text-color\"><strong>Intense<\/strong><\/p>\n\n\n\n<p class=\"has-white-color has-text-color\">Un cours \u00e0 l&rsquo;intensit\u00e9 soutenue, avec plus de cardio et plus de renfo pour se d\u00e9passer !<\/p>\n<\/div><\/div>\n<\/div>\n<\/div>\n\n\n\n<div style=\"height:40px\" aria-hidden=\"true\" class=\"wp-block-spacer\"><\/div>\n\n\n\n<div class=\"wp-block-buttons is-horizontal is-content-justification-center is-layout-flex wp-container-core-buttons-is-layout-499968f5 wp-block-buttons-is-layout-flex\">\n<div class=\"wp-block-button is-style-fill\"><a class=\"wp-block-button__link wp-element-button\" href=\"https:\/\/www.whatthefit.fr\/index.php\/planning\/\" style=\"border-radius:25px\">planning des cours<\/a><\/div>\n<\/div>\n\n\n\n<hr class=\"wp-block-separator has-alpha-channel-opacity is-style-wide\"\/>\n\n\n\n<p style=\"font-size:15px\">What the Fit, c&rsquo;est du Fitness sans chichis, dans une ambiance fun et conviviale\u00a0! Une activit\u00e9 sportive\u00a0pens\u00e9e pour \u00eatre <a href=\"https:\/\/www.whatthefit.fr\/index.php\/nos-intensites\/\">accessible au plus grand nombre<\/a>,\u00a0\u00e0 des <a href=\"https:\/\/www.whatthefit.fr\/index.php\/tarifs\/\">tarifs hyper attractifs<\/a> et id\u00e9ale pour\u00a0se remettre en forme,\u00a0perdre du poids, se muscler\u00a0ou simplement se faire du bien. Des cours collectifs de fitness\u00a0en musique, accessible au plus grand nombre avec\u00a0<a href=\"https:\/\/www.whatthefit.fr\/index.php\/nos-intensites\/\">10 intensit\u00e9s<\/a> qui allient renforcement musculaire et cardio, mais aussi\u00a0\u00e9quilibre, souplesse &amp; coordination. Tu peux nous trouver dans <a href=\"https:\/\/www.whatthefit.fr\/index.php\/nous-trouver\/\">6 salles <\/a>sur Aix-en-Provence, les Milles et au Tholonet. <a href=\"https:\/\/www.whatthefit.fr\/index.php\/tarifs\/\">Formules sans engagement<\/a>, chacun est libre de participer aux cours de son choix, en illimit\u00e9, selon ses disponibilit\u00e9s !<\/p>\n\n\n\n<p class=\"has-text-align-center\"><strong>May the Fit be With You !<\/strong><\/p>\n","protected":false},"excerpt":{"rendered":"<p>Parmi nos intensit\u00e9s, tu trouveras forc\u00e9ment ton bonheur !<\/p>\n","protected":false},"author":1,"featured_media":0,"parent":0,"menu_order":0,"comment_status":"closed","ping_status":"closed","template":"","meta":{"_uag_custom_page_level_css":"","footnotes":""},"class_list":["post-14","page","type-page","status-publish","hentry","entry"],"yoast_head":"<!-- This site is optimized with the Yoast SEO plugin v27.5 - https:\/\/yoast.com\/product\/yoast-seo-wordpress\/ -->\n<title>WTF - Nos intensit\u00e9s<\/title>\n<meta name=\"description\" content=\"Parmi nos intensit\u00e9s, tu trouveras forc\u00e9ment ton bonheur ! Soft Regular Power Flex Balance Pilates Intens&#039;Fit IT Fit\" \/>\n<meta name=\"robots\" content=\"index, follow, max-snippet:-1, max-image-preview:large, max-video-preview:-1\" \/>\n<link rel=\"canonical\" href=\"https:\/\/www.whatthefit.fr\/index.php\/nos-intensites\/\" \/>\n<meta property=\"og:locale\" content=\"fr_FR\" \/>\n<meta property=\"og:type\" content=\"article\" \/>\n<meta property=\"og:title\" content=\"WTF - Nos intensit\u00e9s\" \/>\n<meta property=\"og:description\" content=\"Parmi nos intensit\u00e9s, tu trouveras forc\u00e9ment ton bonheur ! Soft Regular Power Flex Balance Pilates Intens&#039;Fit IT Fit\" \/>\n<meta property=\"og:url\" content=\"https:\/\/www.whatthefit.fr\/index.php\/nos-intensites\/\" \/>\n<meta property=\"og:site_name\" content=\"What the Fit\" \/>\n<meta property=\"article:publisher\" content=\"https:\/\/www.facebook.com\/AdminWTFit\/\" \/>\n<meta property=\"article:modified_time\" content=\"2025-10-15T14:02:25+00:00\" \/>\n<meta property=\"og:image\" content=\"https:\/\/www.whatthefit.fr\/wp-content\/uploads\/2023\/08\/IMG-20220107-WA0003.jpg\" \/>\n\t<meta property=\"og:image:width\" content=\"1536\" \/>\n\t<meta property=\"og:image:height\" content=\"2048\" \/>\n\t<meta property=\"og:image:type\" content=\"image\/jpeg\" \/>\n<meta name=\"twitter:card\" content=\"summary_large_image\" \/>\n<meta name=\"twitter:label1\" content=\"Dur\u00e9e de lecture estim\u00e9e\" \/>\n\t<meta name=\"twitter:data1\" content=\"4 minutes\" \/>\n<script type=\"application\/ld+json\" class=\"yoast-schema-graph\">{\"@context\":\"https:\\\/\\\/schema.org\",\"@graph\":[{\"@type\":\"WebPage\",\"@id\":\"https:\\\/\\\/www.whatthefit.fr\\\/index.php\\\/nos-intensites\\\/\",\"url\":\"https:\\\/\\\/www.whatthefit.fr\\\/index.php\\\/nos-intensites\\\/\",\"name\":\"WTF - Nos intensit\u00e9s\",\"isPartOf\":{\"@id\":\"https:\\\/\\\/www.whatthefit.fr\\\/#website\"},\"primaryImageOfPage\":{\"@id\":\"https:\\\/\\\/www.whatthefit.fr\\\/index.php\\\/nos-intensites\\\/#primaryimage\"},\"image\":{\"@id\":\"https:\\\/\\\/www.whatthefit.fr\\\/index.php\\\/nos-intensites\\\/#primaryimage\"},\"thumbnailUrl\":\"https:\\\/\\\/www.whatthefit.fr\\\/wp-content\\\/uploads\\\/2023\\\/08\\\/IMG-20220107-WA0003.jpg\",\"datePublished\":\"2022-09-30T13:20:38+00:00\",\"dateModified\":\"2025-10-15T14:02:25+00:00\",\"description\":\"Parmi nos intensit\u00e9s, tu trouveras forc\u00e9ment ton bonheur ! Soft Regular Power Flex Balance Pilates Intens'Fit IT Fit\",\"breadcrumb\":{\"@id\":\"https:\\\/\\\/www.whatthefit.fr\\\/index.php\\\/nos-intensites\\\/#breadcrumb\"},\"inLanguage\":\"fr-FR\",\"potentialAction\":[{\"@type\":\"ReadAction\",\"target\":[\"https:\\\/\\\/www.whatthefit.fr\\\/index.php\\\/nos-intensites\\\/\"]}]},{\"@type\":\"ImageObject\",\"inLanguage\":\"fr-FR\",\"@id\":\"https:\\\/\\\/www.whatthefit.fr\\\/index.php\\\/nos-intensites\\\/#primaryimage\",\"url\":\"https:\\\/\\\/www.whatthefit.fr\\\/wp-content\\\/uploads\\\/2023\\\/08\\\/IMG-20220107-WA0003.jpg\",\"contentUrl\":\"https:\\\/\\\/www.whatthefit.fr\\\/wp-content\\\/uploads\\\/2023\\\/08\\\/IMG-20220107-WA0003.jpg\",\"width\":1536,\"height\":2048},{\"@type\":\"BreadcrumbList\",\"@id\":\"https:\\\/\\\/www.whatthefit.fr\\\/index.php\\\/nos-intensites\\\/#breadcrumb\",\"itemListElement\":[{\"@type\":\"ListItem\",\"position\":1,\"name\":\"Accueil\",\"item\":\"https:\\\/\\\/www.whatthefit.fr\\\/\"},{\"@type\":\"ListItem\",\"position\":2,\"name\":\"Nos intensit\u00e9s\"}]},{\"@type\":\"WebSite\",\"@id\":\"https:\\\/\\\/www.whatthefit.fr\\\/#website\",\"url\":\"https:\\\/\\\/www.whatthefit.fr\\\/\",\"name\":\"What the Fit\",\"description\":\"May the Fit be With You !\",\"publisher\":{\"@id\":\"https:\\\/\\\/www.whatthefit.fr\\\/#organization\"},\"potentialAction\":[{\"@type\":\"SearchAction\",\"target\":{\"@type\":\"EntryPoint\",\"urlTemplate\":\"https:\\\/\\\/www.whatthefit.fr\\\/?s={search_term_string}\"},\"query-input\":{\"@type\":\"PropertyValueSpecification\",\"valueRequired\":true,\"valueName\":\"search_term_string\"}}],\"inLanguage\":\"fr-FR\"},{\"@type\":\"Organization\",\"@id\":\"https:\\\/\\\/www.whatthefit.fr\\\/#organization\",\"name\":\"WTF - What the Fit\",\"url\":\"https:\\\/\\\/www.whatthefit.fr\\\/\",\"logo\":{\"@type\":\"ImageObject\",\"inLanguage\":\"fr-FR\",\"@id\":\"https:\\\/\\\/www.whatthefit.fr\\\/#\\\/schema\\\/logo\\\/image\\\/\",\"url\":\"https:\\\/\\\/www.whatthefit.fr\\\/wp-content\\\/uploads\\\/2022\\\/09\\\/Copie-de-Logo-Flo-VF-Noir.png\",\"contentUrl\":\"https:\\\/\\\/www.whatthefit.fr\\\/wp-content\\\/uploads\\\/2022\\\/09\\\/Copie-de-Logo-Flo-VF-Noir.png\",\"width\":1079,\"height\":1419,\"caption\":\"WTF - What the Fit\"},\"image\":{\"@id\":\"https:\\\/\\\/www.whatthefit.fr\\\/#\\\/schema\\\/logo\\\/image\\\/\"},\"sameAs\":[\"https:\\\/\\\/www.facebook.com\\\/AdminWTFit\\\/\",\"https:\\\/\\\/www.instagram.com\\\/wtfwhatthefitaix\\\/\"]}]}<\/script>\n<!-- \/ Yoast SEO plugin. -->","yoast_head_json":{"title":"WTF - Nos intensit\u00e9s","description":"Parmi nos intensit\u00e9s, tu trouveras forc\u00e9ment ton bonheur ! Soft Regular Power Flex Balance Pilates Intens'Fit IT Fit","robots":{"index":"index","follow":"follow","max-snippet":"max-snippet:-1","max-image-preview":"max-image-preview:large","max-video-preview":"max-video-preview:-1"},"canonical":"https:\/\/www.whatthefit.fr\/index.php\/nos-intensites\/","og_locale":"fr_FR","og_type":"article","og_title":"WTF - Nos intensit\u00e9s","og_description":"Parmi nos intensit\u00e9s, tu trouveras forc\u00e9ment ton bonheur ! Soft Regular Power Flex Balance Pilates Intens'Fit IT Fit","og_url":"https:\/\/www.whatthefit.fr\/index.php\/nos-intensites\/","og_site_name":"What the Fit","article_publisher":"https:\/\/www.facebook.com\/AdminWTFit\/","article_modified_time":"2025-10-15T14:02:25+00:00","og_image":[{"width":1536,"height":2048,"url":"https:\/\/www.whatthefit.fr\/wp-content\/uploads\/2023\/08\/IMG-20220107-WA0003.jpg","type":"image\/jpeg"}],"twitter_card":"summary_large_image","twitter_misc":{"Dur\u00e9e de lecture estim\u00e9e":"4 minutes"},"schema":{"@context":"https:\/\/schema.org","@graph":[{"@type":"WebPage","@id":"https:\/\/www.whatthefit.fr\/index.php\/nos-intensites\/","url":"https:\/\/www.whatthefit.fr\/index.php\/nos-intensites\/","name":"WTF - Nos intensit\u00e9s","isPartOf":{"@id":"https:\/\/www.whatthefit.fr\/#website"},"primaryImageOfPage":{"@id":"https:\/\/www.whatthefit.fr\/index.php\/nos-intensites\/#primaryimage"},"image":{"@id":"https:\/\/www.whatthefit.fr\/index.php\/nos-intensites\/#primaryimage"},"thumbnailUrl":"https:\/\/www.whatthefit.fr\/wp-content\/uploads\/2023\/08\/IMG-20220107-WA0003.jpg","datePublished":"2022-09-30T13:20:38+00:00","dateModified":"2025-10-15T14:02:25+00:00","description":"Parmi nos intensit\u00e9s, tu trouveras forc\u00e9ment ton bonheur ! Soft Regular Power Flex Balance Pilates Intens'Fit IT Fit","breadcrumb":{"@id":"https:\/\/www.whatthefit.fr\/index.php\/nos-intensites\/#breadcrumb"},"inLanguage":"fr-FR","potentialAction":[{"@type":"ReadAction","target":["https:\/\/www.whatthefit.fr\/index.php\/nos-intensites\/"]}]},{"@type":"ImageObject","inLanguage":"fr-FR","@id":"https:\/\/www.whatthefit.fr\/index.php\/nos-intensites\/#primaryimage","url":"https:\/\/www.whatthefit.fr\/wp-content\/uploads\/2023\/08\/IMG-20220107-WA0003.jpg","contentUrl":"https:\/\/www.whatthefit.fr\/wp-content\/uploads\/2023\/08\/IMG-20220107-WA0003.jpg","width":1536,"height":2048},{"@type":"BreadcrumbList","@id":"https:\/\/www.whatthefit.fr\/index.php\/nos-intensites\/#breadcrumb","itemListElement":[{"@type":"ListItem","position":1,"name":"Accueil","item":"https:\/\/www.whatthefit.fr\/"},{"@type":"ListItem","position":2,"name":"Nos intensit\u00e9s"}]},{"@type":"WebSite","@id":"https:\/\/www.whatthefit.fr\/#website","url":"https:\/\/www.whatthefit.fr\/","name":"What the Fit","description":"May the Fit be With You !","publisher":{"@id":"https:\/\/www.whatthefit.fr\/#organization"},"potentialAction":[{"@type":"SearchAction","target":{"@type":"EntryPoint","urlTemplate":"https:\/\/www.whatthefit.fr\/?s={search_term_string}"},"query-input":{"@type":"PropertyValueSpecification","valueRequired":true,"valueName":"search_term_string"}}],"inLanguage":"fr-FR"},{"@type":"Organization","@id":"https:\/\/www.whatthefit.fr\/#organization","name":"WTF - What the Fit","url":"https:\/\/www.whatthefit.fr\/","logo":{"@type":"ImageObject","inLanguage":"fr-FR","@id":"https:\/\/www.whatthefit.fr\/#\/schema\/logo\/image\/","url":"https:\/\/www.whatthefit.fr\/wp-content\/uploads\/2022\/09\/Copie-de-Logo-Flo-VF-Noir.png","contentUrl":"https:\/\/www.whatthefit.fr\/wp-content\/uploads\/2022\/09\/Copie-de-Logo-Flo-VF-Noir.png","width":1079,"height":1419,"caption":"WTF - What the Fit"},"image":{"@id":"https:\/\/www.whatthefit.fr\/#\/schema\/logo\/image\/"},"sameAs":["https:\/\/www.facebook.com\/AdminWTFit\/","https:\/\/www.instagram.com\/wtfwhatthefitaix\/"]}]}},"uagb_featured_image_src":{"full":false,"thumbnail":false,"medium":false,"medium_large":false,"large":false,"1536x1536":false,"2048x2048":false,"ocean-thumb-m":false,"ocean-thumb-ml":false,"ocean-thumb-l":false,"mailpoet_newsletter_max":false,"woocommerce_thumbnail":false,"woocommerce_single":false,"woocommerce_gallery_thumbnail":false},"uagb_author_info":{"display_name":"Admin1944","author_link":"https:\/\/www.whatthefit.fr\/index.php\/author\/admin1944\/"},"uagb_comment_info":0,"uagb_excerpt":"Parmi nos intensit\u00e9s, tu trouveras forc\u00e9ment ton bonheur !","_links":{"self":[{"href":"https:\/\/www.whatthefit.fr\/index.php\/wp-json\/wp\/v2\/pages\/14","targetHints":{"allow":["GET"]}}],"collection":[{"href":"https:\/\/www.whatthefit.fr\/index.php\/wp-json\/wp\/v2\/pages"}],"about":[{"href":"https:\/\/www.whatthefit.fr\/index.php\/wp-json\/wp\/v2\/types\/page"}],"author":[{"embeddable":true,"href":"https:\/\/www.whatthefit.fr\/index.php\/wp-json\/wp\/v2\/users\/1"}],"replies":[{"embeddable":true,"href":"https:\/\/www.whatthefit.fr\/index.php\/wp-json\/wp\/v2\/comments?post=14"}],"version-history":[{"count":35,"href":"https:\/\/www.whatthefit.fr\/index.php\/wp-json\/wp\/v2\/pages\/14\/revisions"}],"predecessor-version":[{"id":4980,"href":"https:\/\/www.whatthefit.fr\/index.php\/wp-json\/wp\/v2\/pages\/14\/revisions\/4980"}],"wp:attachment":[{"href":"https:\/\/www.whatthefit.fr\/index.php\/wp-json\/wp\/v2\/media?parent=14"}],"curies":[{"name":"wp","href":"https:\/\/api.w.org\/{rel}","templated":true}]}}