{"id":670,"date":"2022-11-18T09:54:25","date_gmt":"2022-11-18T08:54:25","guid":{"rendered":"https:\/\/www.whatthefit.fr\/?page_id=670"},"modified":"2025-08-26T23:08:01","modified_gmt":"2025-08-26T21:08:01","slug":"mentions-legales","status":"publish","type":"page","link":"https:\/\/www.whatthefit.fr\/index.php\/mentions-legales\/","title":{"rendered":"Mentions l\u00e9gales"},"content":{"rendered":"\n<h2 class=\"wp-block-heading\">MENTIONS LEGALES DU SITE WWW.WHATTHEFIT.FR<\/h2>\n\n\n\n<p><strong>\u00c9diteur du site<br><\/strong>Le site www.whatthefit.fr est \u00e9dit\u00e9 par l\u2019association What the Fit !, association sportive r\u00e9gie par la loi de 1901, immatricul\u00e9e sous le num\u00e9ro 878 891 928 00011, dont le si\u00e8ge social est situ\u00e9 :<br>2 bis rue de la Molle, 13100 Aix-en-Provence \u2013 France.<\/p>\n\n\n\n<p><strong>Email <\/strong>: contact@whatthefit.fr<\/p>\n\n\n\n<p><strong>T\u00e9l\u00e9phone <\/strong>: 07 78 84 28 99<\/p>\n\n\n\n<p><strong>Responsable de la publication<br><\/strong>Madame BAREL \u2013 Pr\u00e9sidente de l\u2019association What the Fit.<\/p>\n\n\n\n<p><strong>H\u00e9bergement<br><\/strong>Le site est h\u00e9berg\u00e9 par OVH, 2 rue Kellermann, 59100 Roubaix \u2013 France.<br>Site : www.ovh.com<\/p>\n\n\n\n<p><strong>Propri\u00e9t\u00e9 intellectuelle<br><\/strong>Le contenu du site (textes, images, graphismes, logo, etc.) est la propri\u00e9t\u00e9 exclusive de l\u2019association What the Fit ou fait l\u2019objet d\u2019une autorisation d\u2019utilisation. Toute reproduction, m\u00eame partielle, est interdite sans autorisation pr\u00e9alable.<\/p>\n\n\n\n<p><strong>Limitation de responsabilit\u00e9<br><\/strong>What the Fit s\u2019efforce d\u2019assurer l\u2019exactitude des informations diffus\u00e9es sur le site mais ne saurait \u00eatre tenue responsable d\u2019erreurs, omissions ou de l\u2019indisponibilit\u00e9 des services. Le contenu peut \u00eatre modifi\u00e9 \u00e0 tout moment sans pr\u00e9avis.<\/p>\n\n\n\n<hr class=\"wp-block-separator has-alpha-channel-opacity is-style-wide\"\/>\n\n\n\n<p style=\"font-size:15px\">What the Fit, c&rsquo;est du Fitness sans chichis, dans une ambiance fun et conviviale\u00a0! Une activit\u00e9 sportive\u00a0pens\u00e9e pour \u00eatre <a href=\"https:\/\/www.whatthefit.fr\/index.php\/nos-intensites\/\">accessible au plus grand nombre<\/a>,\u00a0\u00e0 des <a href=\"https:\/\/www.whatthefit.fr\/index.php\/tarifs\/\">tarifs hyper attractifs<\/a> et id\u00e9ale pour\u00a0se remettre en forme,\u00a0perdre du poids, se muscler\u00a0ou simplement se faire du bien. Des cours collectifs de fitness\u00a0en musique, accessible au plus grand nombre avec\u00a0<a href=\"https:\/\/www.whatthefit.fr\/index.php\/nos-intensites\/\">10 intensit\u00e9s<\/a> qui allient renforcement musculaire et cardio, mais aussi\u00a0\u00e9quilibre, souplesse &amp; coordination. Tu peux nous trouver dans <a href=\"https:\/\/www.whatthefit.fr\/index.php\/nous-trouver\/\">6 salles <\/a>sur Aix-en-Provence, les Milles et au Tholonet. <a href=\"https:\/\/www.whatthefit.fr\/index.php\/tarifs\/\">Formules sans engagement<\/a>, chacun est libre de participer aux cours de son choix, en illimit\u00e9, selon ses disponibilit\u00e9s !<\/p>\n\n\n\n<p class=\"has-text-align-center\"><strong>May the Fit be With You !<\/strong><\/p>\n","protected":false},"excerpt":{"rendered":"<p>MENTIONS LEGALES DU SITE WWW.WHATTHEFIT.FR \u00c9diteur du siteLe site www.whatthefit.fr est \u00e9dit\u00e9 par l\u2019association What the Fit !, association sportive r\u00e9gie par la loi de 1901, immatricul\u00e9e sous le num\u00e9ro 878 891 928 00011, dont le si\u00e8ge social est situ\u00e9 :2 bis rue de la Molle, 13100 Aix-en-Provence \u2013 France. Email : contact@whatthefit.fr T\u00e9l\u00e9phone : [&hellip;]<\/p>\n","protected":false},"author":1,"featured_media":0,"parent":0,"menu_order":0,"comment_status":"closed","ping_status":"closed","template":"","meta":{"_uag_custom_page_level_css":"","footnotes":""},"class_list":["post-670","page","type-page","status-publish","hentry","entry"],"yoast_head":"<!-- This site is optimized with the Yoast SEO plugin v27.4 - https:\/\/yoast.com\/product\/yoast-seo-wordpress\/ -->\n<title>WTF - Mentions l\u00e9gales du site www.whatthefit.fr<\/title>\n<meta name=\"description\" content=\"MENTIONS LEGALES DU SITE WWW.WHATTHEFIT.FRLe Visiteur est inform\u00e9 que le site est \u00e9dit\u00e9 par What the Fit!, Association de loi 1901, immatricul\u00e9e 878 891 928 00011 dont le si\u00e8ge social se situe au 2bis rue de la Molle - 13100 AIX EN PROVENCE.Mail : contact@whatthefit.fr - Tel : 07 78 84 28 99\" \/>\n<meta name=\"robots\" content=\"index, follow, max-snippet:-1, max-image-preview:large, max-video-preview:-1\" \/>\n<link rel=\"canonical\" href=\"https:\/\/www.whatthefit.fr\/index.php\/mentions-legales\/\" \/>\n<meta property=\"og:locale\" content=\"fr_FR\" \/>\n<meta property=\"og:type\" content=\"article\" \/>\n<meta property=\"og:title\" content=\"WTF - Mentions l\u00e9gales du site www.whatthefit.fr\" \/>\n<meta property=\"og:description\" content=\"MENTIONS LEGALES DU SITE WWW.WHATTHEFIT.FRLe Visiteur est inform\u00e9 que le site est \u00e9dit\u00e9 par What the Fit!, Association de loi 1901, immatricul\u00e9e 878 891 928 00011 dont le si\u00e8ge social se situe au 2bis rue de la Molle - 13100 AIX EN PROVENCE.Mail : contact@whatthefit.fr - Tel : 07 78 84 28 99\" \/>\n<meta property=\"og:url\" content=\"https:\/\/www.whatthefit.fr\/index.php\/mentions-legales\/\" \/>\n<meta property=\"og:site_name\" content=\"What the Fit\" \/>\n<meta property=\"article:publisher\" content=\"https:\/\/www.facebook.com\/AdminWTFit\/\" \/>\n<meta property=\"article:modified_time\" content=\"2025-08-26T21:08:01+00:00\" \/>\n<meta name=\"twitter:card\" content=\"summary_large_image\" \/>\n<meta name=\"twitter:label1\" content=\"Dur\u00e9e de lecture estim\u00e9e\" \/>\n\t<meta name=\"twitter:data1\" content=\"2 minutes\" \/>\n<script type=\"application\/ld+json\" class=\"yoast-schema-graph\">{\"@context\":\"https:\\\/\\\/schema.org\",\"@graph\":[{\"@type\":\"WebPage\",\"@id\":\"https:\\\/\\\/www.whatthefit.fr\\\/index.php\\\/mentions-legales\\\/\",\"url\":\"https:\\\/\\\/www.whatthefit.fr\\\/index.php\\\/mentions-legales\\\/\",\"name\":\"WTF - Mentions l\u00e9gales du site www.whatthefit.fr\",\"isPartOf\":{\"@id\":\"https:\\\/\\\/www.whatthefit.fr\\\/#website\"},\"datePublished\":\"2022-11-18T08:54:25+00:00\",\"dateModified\":\"2025-08-26T21:08:01+00:00\",\"description\":\"MENTIONS LEGALES DU SITE WWW.WHATTHEFIT.FRLe Visiteur est inform\u00e9 que le site est \u00e9dit\u00e9 par What the Fit!, Association de loi 1901, immatricul\u00e9e 878 891 928 00011 dont le si\u00e8ge social se situe au 2bis rue de la Molle - 13100 AIX EN PROVENCE.Mail : contact@whatthefit.fr - Tel : 07 78 84 28 99\",\"breadcrumb\":{\"@id\":\"https:\\\/\\\/www.whatthefit.fr\\\/index.php\\\/mentions-legales\\\/#breadcrumb\"},\"inLanguage\":\"fr-FR\",\"potentialAction\":[{\"@type\":\"ReadAction\",\"target\":[\"https:\\\/\\\/www.whatthefit.fr\\\/index.php\\\/mentions-legales\\\/\"]}]},{\"@type\":\"BreadcrumbList\",\"@id\":\"https:\\\/\\\/www.whatthefit.fr\\\/index.php\\\/mentions-legales\\\/#breadcrumb\",\"itemListElement\":[{\"@type\":\"ListItem\",\"position\":1,\"name\":\"Accueil\",\"item\":\"https:\\\/\\\/www.whatthefit.fr\\\/\"},{\"@type\":\"ListItem\",\"position\":2,\"name\":\"Mentions l\u00e9gales\"}]},{\"@type\":\"WebSite\",\"@id\":\"https:\\\/\\\/www.whatthefit.fr\\\/#website\",\"url\":\"https:\\\/\\\/www.whatthefit.fr\\\/\",\"name\":\"What the Fit\",\"description\":\"May the Fit be With You !\",\"publisher\":{\"@id\":\"https:\\\/\\\/www.whatthefit.fr\\\/#organization\"},\"potentialAction\":[{\"@type\":\"SearchAction\",\"target\":{\"@type\":\"EntryPoint\",\"urlTemplate\":\"https:\\\/\\\/www.whatthefit.fr\\\/?s={search_term_string}\"},\"query-input\":{\"@type\":\"PropertyValueSpecification\",\"valueRequired\":true,\"valueName\":\"search_term_string\"}}],\"inLanguage\":\"fr-FR\"},{\"@type\":\"Organization\",\"@id\":\"https:\\\/\\\/www.whatthefit.fr\\\/#organization\",\"name\":\"WTF - What the Fit\",\"url\":\"https:\\\/\\\/www.whatthefit.fr\\\/\",\"logo\":{\"@type\":\"ImageObject\",\"inLanguage\":\"fr-FR\",\"@id\":\"https:\\\/\\\/www.whatthefit.fr\\\/#\\\/schema\\\/logo\\\/image\\\/\",\"url\":\"https:\\\/\\\/www.whatthefit.fr\\\/wp-content\\\/uploads\\\/2022\\\/09\\\/Copie-de-Logo-Flo-VF-Noir.png\",\"contentUrl\":\"https:\\\/\\\/www.whatthefit.fr\\\/wp-content\\\/uploads\\\/2022\\\/09\\\/Copie-de-Logo-Flo-VF-Noir.png\",\"width\":1079,\"height\":1419,\"caption\":\"WTF - What the Fit\"},\"image\":{\"@id\":\"https:\\\/\\\/www.whatthefit.fr\\\/#\\\/schema\\\/logo\\\/image\\\/\"},\"sameAs\":[\"https:\\\/\\\/www.facebook.com\\\/AdminWTFit\\\/\",\"https:\\\/\\\/www.instagram.com\\\/wtfwhatthefitaix\\\/\"]}]}<\/script>\n<!-- \/ Yoast SEO plugin. -->","yoast_head_json":{"title":"WTF - Mentions l\u00e9gales du site www.whatthefit.fr","description":"MENTIONS LEGALES DU SITE WWW.WHATTHEFIT.FRLe Visiteur est inform\u00e9 que le site est \u00e9dit\u00e9 par What the Fit!, Association de loi 1901, immatricul\u00e9e 878 891 928 00011 dont le si\u00e8ge social se situe au 2bis rue de la Molle - 13100 AIX EN PROVENCE.Mail : contact@whatthefit.fr - Tel : 07 78 84 28 99","robots":{"index":"index","follow":"follow","max-snippet":"max-snippet:-1","max-image-preview":"max-image-preview:large","max-video-preview":"max-video-preview:-1"},"canonical":"https:\/\/www.whatthefit.fr\/index.php\/mentions-legales\/","og_locale":"fr_FR","og_type":"article","og_title":"WTF - Mentions l\u00e9gales du site www.whatthefit.fr","og_description":"MENTIONS LEGALES DU SITE WWW.WHATTHEFIT.FRLe Visiteur est inform\u00e9 que le site est \u00e9dit\u00e9 par What the Fit!, Association de loi 1901, immatricul\u00e9e 878 891 928 00011 dont le si\u00e8ge social se situe au 2bis rue de la Molle - 13100 AIX EN PROVENCE.Mail : contact@whatthefit.fr - Tel : 07 78 84 28 99","og_url":"https:\/\/www.whatthefit.fr\/index.php\/mentions-legales\/","og_site_name":"What the Fit","article_publisher":"https:\/\/www.facebook.com\/AdminWTFit\/","article_modified_time":"2025-08-26T21:08:01+00:00","twitter_card":"summary_large_image","twitter_misc":{"Dur\u00e9e de lecture estim\u00e9e":"2 minutes"},"schema":{"@context":"https:\/\/schema.org","@graph":[{"@type":"WebPage","@id":"https:\/\/www.whatthefit.fr\/index.php\/mentions-legales\/","url":"https:\/\/www.whatthefit.fr\/index.php\/mentions-legales\/","name":"WTF - Mentions l\u00e9gales du site www.whatthefit.fr","isPartOf":{"@id":"https:\/\/www.whatthefit.fr\/#website"},"datePublished":"2022-11-18T08:54:25+00:00","dateModified":"2025-08-26T21:08:01+00:00","description":"MENTIONS LEGALES DU SITE WWW.WHATTHEFIT.FRLe Visiteur est inform\u00e9 que le site est \u00e9dit\u00e9 par What the Fit!, Association de loi 1901, immatricul\u00e9e 878 891 928 00011 dont le si\u00e8ge social se situe au 2bis rue de la Molle - 13100 AIX EN PROVENCE.Mail : contact@whatthefit.fr - Tel : 07 78 84 28 99","breadcrumb":{"@id":"https:\/\/www.whatthefit.fr\/index.php\/mentions-legales\/#breadcrumb"},"inLanguage":"fr-FR","potentialAction":[{"@type":"ReadAction","target":["https:\/\/www.whatthefit.fr\/index.php\/mentions-legales\/"]}]},{"@type":"BreadcrumbList","@id":"https:\/\/www.whatthefit.fr\/index.php\/mentions-legales\/#breadcrumb","itemListElement":[{"@type":"ListItem","position":1,"name":"Accueil","item":"https:\/\/www.whatthefit.fr\/"},{"@type":"ListItem","position":2,"name":"Mentions l\u00e9gales"}]},{"@type":"WebSite","@id":"https:\/\/www.whatthefit.fr\/#website","url":"https:\/\/www.whatthefit.fr\/","name":"What the Fit","description":"May the Fit be With You !","publisher":{"@id":"https:\/\/www.whatthefit.fr\/#organization"},"potentialAction":[{"@type":"SearchAction","target":{"@type":"EntryPoint","urlTemplate":"https:\/\/www.whatthefit.fr\/?s={search_term_string}"},"query-input":{"@type":"PropertyValueSpecification","valueRequired":true,"valueName":"search_term_string"}}],"inLanguage":"fr-FR"},{"@type":"Organization","@id":"https:\/\/www.whatthefit.fr\/#organization","name":"WTF - What the Fit","url":"https:\/\/www.whatthefit.fr\/","logo":{"@type":"ImageObject","inLanguage":"fr-FR","@id":"https:\/\/www.whatthefit.fr\/#\/schema\/logo\/image\/","url":"https:\/\/www.whatthefit.fr\/wp-content\/uploads\/2022\/09\/Copie-de-Logo-Flo-VF-Noir.png","contentUrl":"https:\/\/www.whatthefit.fr\/wp-content\/uploads\/2022\/09\/Copie-de-Logo-Flo-VF-Noir.png","width":1079,"height":1419,"caption":"WTF - What the Fit"},"image":{"@id":"https:\/\/www.whatthefit.fr\/#\/schema\/logo\/image\/"},"sameAs":["https:\/\/www.facebook.com\/AdminWTFit\/","https:\/\/www.instagram.com\/wtfwhatthefitaix\/"]}]}},"uagb_featured_image_src":{"full":false,"thumbnail":false,"medium":false,"medium_large":false,"large":false,"1536x1536":false,"2048x2048":false,"ocean-thumb-m":false,"ocean-thumb-ml":false,"ocean-thumb-l":false,"mailpoet_newsletter_max":false,"woocommerce_thumbnail":false,"woocommerce_single":false,"woocommerce_gallery_thumbnail":false},"uagb_author_info":{"display_name":"Admin1944","author_link":"https:\/\/www.whatthefit.fr\/index.php\/author\/admin1944\/"},"uagb_comment_info":0,"uagb_excerpt":"MENTIONS LEGALES DU SITE WWW.WHATTHEFIT.FR \u00c9diteur du siteLe site www.whatthefit.fr est \u00e9dit\u00e9 par l\u2019association What the Fit !, association sportive r\u00e9gie par la loi de 1901, immatricul\u00e9e sous le num\u00e9ro 878 891 928 00011, dont le si\u00e8ge social est situ\u00e9 :2 bis rue de la Molle, 13100 Aix-en-Provence \u2013 France. Email : contact@whatthefit.fr T\u00e9l\u00e9phone :\u2026","_links":{"self":[{"href":"https:\/\/www.whatthefit.fr\/index.php\/wp-json\/wp\/v2\/pages\/670","targetHints":{"allow":["GET"]}}],"collection":[{"href":"https:\/\/www.whatthefit.fr\/index.php\/wp-json\/wp\/v2\/pages"}],"about":[{"href":"https:\/\/www.whatthefit.fr\/index.php\/wp-json\/wp\/v2\/types\/page"}],"author":[{"embeddable":true,"href":"https:\/\/www.whatthefit.fr\/index.php\/wp-json\/wp\/v2\/users\/1"}],"replies":[{"embeddable":true,"href":"https:\/\/www.whatthefit.fr\/index.php\/wp-json\/wp\/v2\/comments?post=670"}],"version-history":[{"count":3,"href":"https:\/\/www.whatthefit.fr\/index.php\/wp-json\/wp\/v2\/pages\/670\/revisions"}],"predecessor-version":[{"id":4345,"href":"https:\/\/www.whatthefit.fr\/index.php\/wp-json\/wp\/v2\/pages\/670\/revisions\/4345"}],"wp:attachment":[{"href":"https:\/\/www.whatthefit.fr\/index.php\/wp-json\/wp\/v2\/media?parent=670"}],"curies":[{"name":"wp","href":"https:\/\/api.w.org\/{rel}","templated":true}]}}