{"id":3467,"date":"2025-03-10T22:34:34","date_gmt":"2025-03-10T21:34:34","guid":{"rendered":"https:\/\/www.whatthefit.fr\/?post_type=product&#038;p=3467"},"modified":"2025-04-08T23:55:17","modified_gmt":"2025-04-08T21:55:17","slug":"tote-bag","status":"publish","type":"product","link":"https:\/\/www.whatthefit.fr\/index.php\/produit\/tote-bag\/","title":{"rendered":"Tote bag"},"content":{"rendered":"<div class=\"product-sales-pitch-wrapper\">\n<p>Coton \u00e9pais et r\u00e9sistant. Rangement id\u00e9al pour le quotidien.<\/p>\n<\/div>\n<div class=\"product-weight\"><span class=\"value\">100% coton.\u00a0 &#8211; 140 g\/m\u00b2<\/span><\/div>\n<div><\/div>\n<div>Peut \u00eatre port\u00e9 \u00e0 la main ou sur l&rsquo;\u00e9paule. Longueur de l&rsquo;anse : 67 cm.<\/div>\n","protected":false},"excerpt":{"rendered":"<p>Coton \u00e9pais et r\u00e9sistant. Rangement id\u00e9al pour le quotidien. 100% coton.\u00a0 &#8211; 140 g\/m\u00b2 Peut \u00eatre port\u00e9 \u00e0 la main ou sur l&rsquo;\u00e9paule. Longueur de l&rsquo;anse : 67 cm.<\/p>\n","protected":false},"featured_media":3468,"template":"","meta":{"_uag_custom_page_level_css":""},"product_brand":[],"product_cat":[37],"product_tag":[],"class_list":{"0":"post-3467","1":"product","2":"type-product","3":"status-publish","4":"has-post-thumbnail","6":"product_cat-goodies","7":"entry","8":"has-media","10":"first","11":"instock","12":"downloadable","13":"virtual","14":"purchasable","15":"product-type-simple"},"yoast_head":"<!-- This site is optimized with the Yoast SEO plugin v27.3 - https:\/\/yoast.com\/product\/yoast-seo-wordpress\/ -->\n<title>Tote bag - What the Fit<\/title>\n<meta name=\"robots\" content=\"index, follow, max-snippet:-1, max-image-preview:large, max-video-preview:-1\" \/>\n<link rel=\"canonical\" href=\"https:\/\/www.whatthefit.fr\/index.php\/produit\/tote-bag\/\" \/>\n<meta property=\"og:locale\" content=\"fr_FR\" \/>\n<meta property=\"og:type\" content=\"article\" \/>\n<meta property=\"og:title\" content=\"Tote bag - What the Fit\" \/>\n<meta property=\"og:description\" content=\"Coton \u00e9pais et r\u00e9sistant. Rangement id\u00e9al pour le quotidien. 100% coton.\u00a0 &#8211; 140 g\/m\u00b2 Peut \u00eatre port\u00e9 \u00e0 la main ou sur l&rsquo;\u00e9paule. Longueur de l&rsquo;anse : 67 cm.\" \/>\n<meta property=\"og:url\" content=\"https:\/\/www.whatthefit.fr\/index.php\/produit\/tote-bag\/\" \/>\n<meta property=\"og:site_name\" content=\"What the Fit\" \/>\n<meta property=\"article:publisher\" content=\"https:\/\/www.facebook.com\/AdminWTFit\/\" \/>\n<meta property=\"article:modified_time\" content=\"2025-04-08T21:55:17+00:00\" \/>\n<meta property=\"og:image\" content=\"https:\/\/www.whatthefit.fr\/wp-content\/uploads\/2025\/03\/MAY-the-fit-be-with-you.png\" \/>\n\t<meta property=\"og:image:width\" content=\"1414\" \/>\n\t<meta property=\"og:image:height\" content=\"2000\" \/>\n\t<meta property=\"og:image:type\" content=\"image\/png\" \/>\n<meta name=\"twitter:card\" content=\"summary_large_image\" \/>\n<meta name=\"twitter:label1\" content=\"Dur\u00e9e de lecture estim\u00e9e\" \/>\n\t<meta name=\"twitter:data1\" content=\"1 minute\" \/>\n<script type=\"application\/ld+json\" class=\"yoast-schema-graph\">{\"@context\":\"https:\\\/\\\/schema.org\",\"@graph\":[{\"@type\":\"WebPage\",\"@id\":\"https:\\\/\\\/www.whatthefit.fr\\\/index.php\\\/produit\\\/tote-bag\\\/\",\"url\":\"https:\\\/\\\/www.whatthefit.fr\\\/index.php\\\/produit\\\/tote-bag\\\/\",\"name\":\"Tote bag - What the Fit\",\"isPartOf\":{\"@id\":\"https:\\\/\\\/www.whatthefit.fr\\\/#website\"},\"primaryImageOfPage\":{\"@id\":\"https:\\\/\\\/www.whatthefit.fr\\\/index.php\\\/produit\\\/tote-bag\\\/#primaryimage\"},\"image\":{\"@id\":\"https:\\\/\\\/www.whatthefit.fr\\\/index.php\\\/produit\\\/tote-bag\\\/#primaryimage\"},\"thumbnailUrl\":\"https:\\\/\\\/www.whatthefit.fr\\\/wp-content\\\/uploads\\\/2025\\\/03\\\/MAY-the-fit-be-with-you.png\",\"datePublished\":\"2025-03-10T21:34:34+00:00\",\"dateModified\":\"2025-04-08T21:55:17+00:00\",\"breadcrumb\":{\"@id\":\"https:\\\/\\\/www.whatthefit.fr\\\/index.php\\\/produit\\\/tote-bag\\\/#breadcrumb\"},\"inLanguage\":\"fr-FR\",\"potentialAction\":[{\"@type\":\"ReadAction\",\"target\":[\"https:\\\/\\\/www.whatthefit.fr\\\/index.php\\\/produit\\\/tote-bag\\\/\"]}]},{\"@type\":\"ImageObject\",\"inLanguage\":\"fr-FR\",\"@id\":\"https:\\\/\\\/www.whatthefit.fr\\\/index.php\\\/produit\\\/tote-bag\\\/#primaryimage\",\"url\":\"https:\\\/\\\/www.whatthefit.fr\\\/wp-content\\\/uploads\\\/2025\\\/03\\\/MAY-the-fit-be-with-you.png\",\"contentUrl\":\"https:\\\/\\\/www.whatthefit.fr\\\/wp-content\\\/uploads\\\/2025\\\/03\\\/MAY-the-fit-be-with-you.png\",\"width\":1414,\"height\":2000},{\"@type\":\"BreadcrumbList\",\"@id\":\"https:\\\/\\\/www.whatthefit.fr\\\/index.php\\\/produit\\\/tote-bag\\\/#breadcrumb\",\"itemListElement\":[{\"@type\":\"ListItem\",\"position\":1,\"name\":\"Accueil\",\"item\":\"https:\\\/\\\/www.whatthefit.fr\\\/\"},{\"@type\":\"ListItem\",\"position\":2,\"name\":\"Boutique\",\"item\":\"https:\\\/\\\/www.whatthefit.fr\\\/index.php\\\/boutique\\\/\"},{\"@type\":\"ListItem\",\"position\":3,\"name\":\"Tote bag\"}]},{\"@type\":\"WebSite\",\"@id\":\"https:\\\/\\\/www.whatthefit.fr\\\/#website\",\"url\":\"https:\\\/\\\/www.whatthefit.fr\\\/\",\"name\":\"What the Fit\",\"description\":\"May the Fit be With You !\",\"publisher\":{\"@id\":\"https:\\\/\\\/www.whatthefit.fr\\\/#organization\"},\"potentialAction\":[{\"@type\":\"SearchAction\",\"target\":{\"@type\":\"EntryPoint\",\"urlTemplate\":\"https:\\\/\\\/www.whatthefit.fr\\\/?s={search_term_string}\"},\"query-input\":{\"@type\":\"PropertyValueSpecification\",\"valueRequired\":true,\"valueName\":\"search_term_string\"}}],\"inLanguage\":\"fr-FR\"},{\"@type\":\"Organization\",\"@id\":\"https:\\\/\\\/www.whatthefit.fr\\\/#organization\",\"name\":\"WTF - What the Fit\",\"url\":\"https:\\\/\\\/www.whatthefit.fr\\\/\",\"logo\":{\"@type\":\"ImageObject\",\"inLanguage\":\"fr-FR\",\"@id\":\"https:\\\/\\\/www.whatthefit.fr\\\/#\\\/schema\\\/logo\\\/image\\\/\",\"url\":\"https:\\\/\\\/www.whatthefit.fr\\\/wp-content\\\/uploads\\\/2022\\\/09\\\/Copie-de-Logo-Flo-VF-Noir.png\",\"contentUrl\":\"https:\\\/\\\/www.whatthefit.fr\\\/wp-content\\\/uploads\\\/2022\\\/09\\\/Copie-de-Logo-Flo-VF-Noir.png\",\"width\":1079,\"height\":1419,\"caption\":\"WTF - What the Fit\"},\"image\":{\"@id\":\"https:\\\/\\\/www.whatthefit.fr\\\/#\\\/schema\\\/logo\\\/image\\\/\"},\"sameAs\":[\"https:\\\/\\\/www.facebook.com\\\/AdminWTFit\\\/\",\"https:\\\/\\\/www.instagram.com\\\/wtfwhatthefitaix\\\/\"]}]}<\/script>\n<!-- \/ Yoast SEO plugin. -->","yoast_head_json":{"title":"Tote bag - What the Fit","robots":{"index":"index","follow":"follow","max-snippet":"max-snippet:-1","max-image-preview":"max-image-preview:large","max-video-preview":"max-video-preview:-1"},"canonical":"https:\/\/www.whatthefit.fr\/index.php\/produit\/tote-bag\/","og_locale":"fr_FR","og_type":"article","og_title":"Tote bag - What the Fit","og_description":"Coton \u00e9pais et r\u00e9sistant. Rangement id\u00e9al pour le quotidien. 100% coton.\u00a0 &#8211; 140 g\/m\u00b2 Peut \u00eatre port\u00e9 \u00e0 la main ou sur l&rsquo;\u00e9paule. Longueur de l&rsquo;anse : 67 cm.","og_url":"https:\/\/www.whatthefit.fr\/index.php\/produit\/tote-bag\/","og_site_name":"What the Fit","article_publisher":"https:\/\/www.facebook.com\/AdminWTFit\/","article_modified_time":"2025-04-08T21:55:17+00:00","og_image":[{"width":1414,"height":2000,"url":"https:\/\/www.whatthefit.fr\/wp-content\/uploads\/2025\/03\/MAY-the-fit-be-with-you.png","type":"image\/png"}],"twitter_card":"summary_large_image","twitter_misc":{"Dur\u00e9e de lecture estim\u00e9e":"1 minute"},"schema":{"@context":"https:\/\/schema.org","@graph":[{"@type":"WebPage","@id":"https:\/\/www.whatthefit.fr\/index.php\/produit\/tote-bag\/","url":"https:\/\/www.whatthefit.fr\/index.php\/produit\/tote-bag\/","name":"Tote bag - What the Fit","isPartOf":{"@id":"https:\/\/www.whatthefit.fr\/#website"},"primaryImageOfPage":{"@id":"https:\/\/www.whatthefit.fr\/index.php\/produit\/tote-bag\/#primaryimage"},"image":{"@id":"https:\/\/www.whatthefit.fr\/index.php\/produit\/tote-bag\/#primaryimage"},"thumbnailUrl":"https:\/\/www.whatthefit.fr\/wp-content\/uploads\/2025\/03\/MAY-the-fit-be-with-you.png","datePublished":"2025-03-10T21:34:34+00:00","dateModified":"2025-04-08T21:55:17+00:00","breadcrumb":{"@id":"https:\/\/www.whatthefit.fr\/index.php\/produit\/tote-bag\/#breadcrumb"},"inLanguage":"fr-FR","potentialAction":[{"@type":"ReadAction","target":["https:\/\/www.whatthefit.fr\/index.php\/produit\/tote-bag\/"]}]},{"@type":"ImageObject","inLanguage":"fr-FR","@id":"https:\/\/www.whatthefit.fr\/index.php\/produit\/tote-bag\/#primaryimage","url":"https:\/\/www.whatthefit.fr\/wp-content\/uploads\/2025\/03\/MAY-the-fit-be-with-you.png","contentUrl":"https:\/\/www.whatthefit.fr\/wp-content\/uploads\/2025\/03\/MAY-the-fit-be-with-you.png","width":1414,"height":2000},{"@type":"BreadcrumbList","@id":"https:\/\/www.whatthefit.fr\/index.php\/produit\/tote-bag\/#breadcrumb","itemListElement":[{"@type":"ListItem","position":1,"name":"Accueil","item":"https:\/\/www.whatthefit.fr\/"},{"@type":"ListItem","position":2,"name":"Boutique","item":"https:\/\/www.whatthefit.fr\/index.php\/boutique\/"},{"@type":"ListItem","position":3,"name":"Tote bag"}]},{"@type":"WebSite","@id":"https:\/\/www.whatthefit.fr\/#website","url":"https:\/\/www.whatthefit.fr\/","name":"What the Fit","description":"May the Fit be With You !","publisher":{"@id":"https:\/\/www.whatthefit.fr\/#organization"},"potentialAction":[{"@type":"SearchAction","target":{"@type":"EntryPoint","urlTemplate":"https:\/\/www.whatthefit.fr\/?s={search_term_string}"},"query-input":{"@type":"PropertyValueSpecification","valueRequired":true,"valueName":"search_term_string"}}],"inLanguage":"fr-FR"},{"@type":"Organization","@id":"https:\/\/www.whatthefit.fr\/#organization","name":"WTF - What the Fit","url":"https:\/\/www.whatthefit.fr\/","logo":{"@type":"ImageObject","inLanguage":"fr-FR","@id":"https:\/\/www.whatthefit.fr\/#\/schema\/logo\/image\/","url":"https:\/\/www.whatthefit.fr\/wp-content\/uploads\/2022\/09\/Copie-de-Logo-Flo-VF-Noir.png","contentUrl":"https:\/\/www.whatthefit.fr\/wp-content\/uploads\/2022\/09\/Copie-de-Logo-Flo-VF-Noir.png","width":1079,"height":1419,"caption":"WTF - What the Fit"},"image":{"@id":"https:\/\/www.whatthefit.fr\/#\/schema\/logo\/image\/"},"sameAs":["https:\/\/www.facebook.com\/AdminWTFit\/","https:\/\/www.instagram.com\/wtfwhatthefitaix\/"]}]}},"uagb_featured_image_src":{"full":["https:\/\/www.whatthefit.fr\/wp-content\/uploads\/2025\/03\/MAY-the-fit-be-with-you.png",1414,2000,false],"thumbnail":["https:\/\/www.whatthefit.fr\/wp-content\/uploads\/2025\/03\/MAY-the-fit-be-with-you-150x150.png",150,150,true],"medium":["https:\/\/www.whatthefit.fr\/wp-content\/uploads\/2025\/03\/MAY-the-fit-be-with-you-212x300.png",212,300,true],"medium_large":["https:\/\/www.whatthefit.fr\/wp-content\/uploads\/2025\/03\/MAY-the-fit-be-with-you-768x1086.png",768,1086,true],"large":["https:\/\/www.whatthefit.fr\/wp-content\/uploads\/2025\/03\/MAY-the-fit-be-with-you-724x1024.png",724,1024,true],"1536x1536":["https:\/\/www.whatthefit.fr\/wp-content\/uploads\/2025\/03\/MAY-the-fit-be-with-you-1086x1536.png",1086,1536,true],"2048x2048":["https:\/\/www.whatthefit.fr\/wp-content\/uploads\/2025\/03\/MAY-the-fit-be-with-you.png",1414,2000,false],"ocean-thumb-m":["https:\/\/www.whatthefit.fr\/wp-content\/uploads\/2025\/03\/MAY-the-fit-be-with-you-600x600.png",600,600,true],"ocean-thumb-ml":["https:\/\/www.whatthefit.fr\/wp-content\/uploads\/2025\/03\/MAY-the-fit-be-with-you-800x450.png",800,450,true],"ocean-thumb-l":["https:\/\/www.whatthefit.fr\/wp-content\/uploads\/2025\/03\/MAY-the-fit-be-with-you-1200x700.png",1200,700,true],"mailpoet_newsletter_max":["https:\/\/www.whatthefit.fr\/wp-content\/uploads\/2025\/03\/MAY-the-fit-be-with-you-1320x1867.png",1320,1867,true],"woocommerce_thumbnail":["https:\/\/www.whatthefit.fr\/wp-content\/uploads\/2025\/03\/MAY-the-fit-be-with-you-300x300.png",300,300,true],"woocommerce_single":["https:\/\/www.whatthefit.fr\/wp-content\/uploads\/2025\/03\/MAY-the-fit-be-with-you-600x849.png",600,849,true],"woocommerce_gallery_thumbnail":["https:\/\/www.whatthefit.fr\/wp-content\/uploads\/2025\/03\/MAY-the-fit-be-with-you-100x100.png",100,100,true]},"uagb_author_info":{"display_name":"Admin1944","author_link":"https:\/\/www.whatthefit.fr\/index.php\/author\/"},"uagb_comment_info":0,"uagb_excerpt":"Coton \u00e9pais et r\u00e9sistant. Rangement id\u00e9al pour le quotidien. 100% coton.\u00a0 &#8211; 140 g\/m\u00b2 Peut \u00eatre port\u00e9 \u00e0 la main ou sur l&rsquo;\u00e9paule. Longueur de l&rsquo;anse : 67 cm.","_links":{"self":[{"href":"https:\/\/www.whatthefit.fr\/index.php\/wp-json\/wp\/v2\/product\/3467","targetHints":{"allow":["GET"]}}],"collection":[{"href":"https:\/\/www.whatthefit.fr\/index.php\/wp-json\/wp\/v2\/product"}],"about":[{"href":"https:\/\/www.whatthefit.fr\/index.php\/wp-json\/wp\/v2\/types\/product"}],"wp:featuredmedia":[{"embeddable":true,"href":"https:\/\/www.whatthefit.fr\/index.php\/wp-json\/wp\/v2\/media\/3468"}],"wp:attachment":[{"href":"https:\/\/www.whatthefit.fr\/index.php\/wp-json\/wp\/v2\/media?parent=3467"}],"wp:term":[{"taxonomy":"product_brand","embeddable":true,"href":"https:\/\/www.whatthefit.fr\/index.php\/wp-json\/wp\/v2\/product_brand?post=3467"},{"taxonomy":"product_cat","embeddable":true,"href":"https:\/\/www.whatthefit.fr\/index.php\/wp-json\/wp\/v2\/product_cat?post=3467"},{"taxonomy":"product_tag","embeddable":true,"href":"https:\/\/www.whatthefit.fr\/index.php\/wp-json\/wp\/v2\/product_tag?post=3467"}],"curies":[{"name":"wp","href":"https:\/\/api.w.org\/{rel}","templated":true}]}}