{"id":497,"date":"2022-10-01T22:25:37","date_gmt":"2022-10-01T20:25:37","guid":{"rendered":"https:\/\/www.whatthefit.fr\/?post_type=product&#038;p=497"},"modified":"2025-08-31T23:27:07","modified_gmt":"2025-08-31T21:27:07","slug":"ten-fit-10-entrees","status":"publish","type":"product","link":"https:\/\/www.whatthefit.fr\/index.php\/produit\/ten-fit-10-entrees\/","title":{"rendered":"TEN FIT &#8211; 10 cours"},"content":{"rendered":"<p>Achat d&rsquo;une carte<strong> 100% digitale<\/strong> de 10 cours <strong> (TEN FIT)<\/strong>, valable <strong>jusqu&rsquo;\u00e0 la fin de l&rsquo;ann\u00e9e scolaire en cours<\/strong>.<\/p>\n<div class=\"woocommerce-tabs wc-tabs-wrapper\">\n<div id=\"tab-description\" class=\"woocommerce-Tabs-panel woocommerce-Tabs-panel--description panel entry-content wc-tab\" role=\"tabpanel\" aria-labelledby=\"tab-title-description\">\n<p>Pour participer au cours de ton choix, il suffit de se pr\u00e9senter en salle muni.e du num\u00e9ro de commande (num\u00e9ro \u00e0 4 chiffres pr\u00e9sent dans le mail de confirmation d&rsquo;achat).<\/p>\n<p><strong>Bonus<\/strong> : ta carte est non nominative, tu peux en faire b\u00e9n\u00e9ficier tes ami.e.s !<\/p>\n<\/div>\n<\/div>\n","protected":false},"excerpt":{"rendered":"<p>Achat d&rsquo;une carte 100% digitale de 10 cours (TEN FIT), valable jusqu&rsquo;\u00e0 la fin de l&rsquo;ann\u00e9e scolaire en cours. Pour participer au cours de ton choix, il suffit de se pr\u00e9senter en salle muni.e du num\u00e9ro de commande (num\u00e9ro \u00e0 4 chiffres pr\u00e9sent dans le mail de confirmation d&rsquo;achat). Bonus : ta carte est non [&hellip;]<\/p>\n","protected":false},"featured_media":3351,"template":"","meta":{"_uag_custom_page_level_css":""},"product_brand":[],"product_cat":[30],"product_tag":[],"class_list":{"0":"post-497","1":"product","2":"type-product","3":"status-publish","4":"has-post-thumbnail","6":"product_cat-unites","7":"entry","8":"has-media","10":"first","11":"instock","12":"downloadable","13":"virtual","14":"purchasable","15":"product-type-simple"},"yoast_head":"<!-- This site is optimized with the Yoast SEO plugin v27.3 - https:\/\/yoast.com\/product\/yoast-seo-wordpress\/ -->\n<title>TEN FIT - 10 cours - What the Fit<\/title>\n<meta name=\"description\" content=\"Achat d&#039;une carte de 10 cours (TEN FIT), valable jusqu&#039;\u00e0 la fin de l&#039;ann\u00e9e scolaire en cours. L&#039;e-mail de confirmation d&#039;achat est \u00e0 pr\u00e9senter \u00e0 l&#039;\u00e9quipe\" \/>\n<meta name=\"robots\" content=\"index, follow, max-snippet:-1, max-image-preview:large, max-video-preview:-1\" \/>\n<link rel=\"canonical\" href=\"https:\/\/www.whatthefit.fr\/index.php\/produit\/ten-fit-10-entrees\/\" \/>\n<meta property=\"og:locale\" content=\"fr_FR\" \/>\n<meta property=\"og:type\" content=\"article\" \/>\n<meta property=\"og:title\" content=\"TEN FIT - 10 cours - What the Fit\" \/>\n<meta property=\"og:description\" content=\"Achat d&#039;une carte de 10 cours (TEN FIT), valable jusqu&#039;\u00e0 la fin de l&#039;ann\u00e9e scolaire en cours. L&#039;e-mail de confirmation d&#039;achat est \u00e0 pr\u00e9senter \u00e0 l&#039;\u00e9quipe\" \/>\n<meta property=\"og:url\" content=\"https:\/\/www.whatthefit.fr\/index.php\/produit\/ten-fit-10-entrees\/\" \/>\n<meta property=\"og:site_name\" content=\"What the Fit\" \/>\n<meta property=\"article:publisher\" content=\"https:\/\/www.facebook.com\/AdminWTFit\/\" \/>\n<meta property=\"article:modified_time\" content=\"2025-08-31T21:27:07+00:00\" \/>\n<meta property=\"og:image\" content=\"https:\/\/www.whatthefit.fr\/wp-content\/uploads\/2025\/02\/TEN_Tarifs.png\" \/>\n\t<meta property=\"og:image:width\" content=\"1007\" \/>\n\t<meta property=\"og:image:height\" content=\"1007\" \/>\n\t<meta property=\"og:image:type\" content=\"image\/png\" \/>\n<meta name=\"twitter:card\" content=\"summary_large_image\" \/>\n<meta name=\"twitter:label1\" content=\"Dur\u00e9e de lecture estim\u00e9e\" \/>\n\t<meta name=\"twitter:data1\" content=\"1 minute\" \/>\n<script type=\"application\/ld+json\" class=\"yoast-schema-graph\">{\"@context\":\"https:\\\/\\\/schema.org\",\"@graph\":[{\"@type\":\"WebPage\",\"@id\":\"https:\\\/\\\/www.whatthefit.fr\\\/index.php\\\/produit\\\/ten-fit-10-entrees\\\/\",\"url\":\"https:\\\/\\\/www.whatthefit.fr\\\/index.php\\\/produit\\\/ten-fit-10-entrees\\\/\",\"name\":\"TEN FIT - 10 cours - What the Fit\",\"isPartOf\":{\"@id\":\"https:\\\/\\\/www.whatthefit.fr\\\/#website\"},\"primaryImageOfPage\":{\"@id\":\"https:\\\/\\\/www.whatthefit.fr\\\/index.php\\\/produit\\\/ten-fit-10-entrees\\\/#primaryimage\"},\"image\":{\"@id\":\"https:\\\/\\\/www.whatthefit.fr\\\/index.php\\\/produit\\\/ten-fit-10-entrees\\\/#primaryimage\"},\"thumbnailUrl\":\"https:\\\/\\\/www.whatthefit.fr\\\/wp-content\\\/uploads\\\/2025\\\/02\\\/TEN_Tarifs.png\",\"datePublished\":\"2022-10-01T20:25:37+00:00\",\"dateModified\":\"2025-08-31T21:27:07+00:00\",\"description\":\"Achat d'une carte de 10 cours (TEN FIT), valable jusqu'\u00e0 la fin de l'ann\u00e9e scolaire en cours. L'e-mail de confirmation d'achat est \u00e0 pr\u00e9senter \u00e0 l'\u00e9quipe\",\"breadcrumb\":{\"@id\":\"https:\\\/\\\/www.whatthefit.fr\\\/index.php\\\/produit\\\/ten-fit-10-entrees\\\/#breadcrumb\"},\"inLanguage\":\"fr-FR\",\"potentialAction\":[{\"@type\":\"ReadAction\",\"target\":[\"https:\\\/\\\/www.whatthefit.fr\\\/index.php\\\/produit\\\/ten-fit-10-entrees\\\/\"]}]},{\"@type\":\"ImageObject\",\"inLanguage\":\"fr-FR\",\"@id\":\"https:\\\/\\\/www.whatthefit.fr\\\/index.php\\\/produit\\\/ten-fit-10-entrees\\\/#primaryimage\",\"url\":\"https:\\\/\\\/www.whatthefit.fr\\\/wp-content\\\/uploads\\\/2025\\\/02\\\/TEN_Tarifs.png\",\"contentUrl\":\"https:\\\/\\\/www.whatthefit.fr\\\/wp-content\\\/uploads\\\/2025\\\/02\\\/TEN_Tarifs.png\",\"width\":1007,\"height\":1007},{\"@type\":\"BreadcrumbList\",\"@id\":\"https:\\\/\\\/www.whatthefit.fr\\\/index.php\\\/produit\\\/ten-fit-10-entrees\\\/#breadcrumb\",\"itemListElement\":[{\"@type\":\"ListItem\",\"position\":1,\"name\":\"Accueil\",\"item\":\"https:\\\/\\\/www.whatthefit.fr\\\/\"},{\"@type\":\"ListItem\",\"position\":2,\"name\":\"Boutique\",\"item\":\"https:\\\/\\\/www.whatthefit.fr\\\/index.php\\\/boutique\\\/\"},{\"@type\":\"ListItem\",\"position\":3,\"name\":\"TEN FIT &#8211; 10 cours\"}]},{\"@type\":\"WebSite\",\"@id\":\"https:\\\/\\\/www.whatthefit.fr\\\/#website\",\"url\":\"https:\\\/\\\/www.whatthefit.fr\\\/\",\"name\":\"What the Fit\",\"description\":\"May the Fit be With You !\",\"publisher\":{\"@id\":\"https:\\\/\\\/www.whatthefit.fr\\\/#organization\"},\"potentialAction\":[{\"@type\":\"SearchAction\",\"target\":{\"@type\":\"EntryPoint\",\"urlTemplate\":\"https:\\\/\\\/www.whatthefit.fr\\\/?s={search_term_string}\"},\"query-input\":{\"@type\":\"PropertyValueSpecification\",\"valueRequired\":true,\"valueName\":\"search_term_string\"}}],\"inLanguage\":\"fr-FR\"},{\"@type\":\"Organization\",\"@id\":\"https:\\\/\\\/www.whatthefit.fr\\\/#organization\",\"name\":\"WTF - What the Fit\",\"url\":\"https:\\\/\\\/www.whatthefit.fr\\\/\",\"logo\":{\"@type\":\"ImageObject\",\"inLanguage\":\"fr-FR\",\"@id\":\"https:\\\/\\\/www.whatthefit.fr\\\/#\\\/schema\\\/logo\\\/image\\\/\",\"url\":\"https:\\\/\\\/www.whatthefit.fr\\\/wp-content\\\/uploads\\\/2022\\\/09\\\/Copie-de-Logo-Flo-VF-Noir.png\",\"contentUrl\":\"https:\\\/\\\/www.whatthefit.fr\\\/wp-content\\\/uploads\\\/2022\\\/09\\\/Copie-de-Logo-Flo-VF-Noir.png\",\"width\":1079,\"height\":1419,\"caption\":\"WTF - What the Fit\"},\"image\":{\"@id\":\"https:\\\/\\\/www.whatthefit.fr\\\/#\\\/schema\\\/logo\\\/image\\\/\"},\"sameAs\":[\"https:\\\/\\\/www.facebook.com\\\/AdminWTFit\\\/\",\"https:\\\/\\\/www.instagram.com\\\/wtfwhatthefitaix\\\/\"]}]}<\/script>\n<!-- \/ Yoast SEO plugin. -->","yoast_head_json":{"title":"TEN FIT - 10 cours - What the Fit","description":"Achat d'une carte de 10 cours (TEN FIT), valable jusqu'\u00e0 la fin de l'ann\u00e9e scolaire en cours. L'e-mail de confirmation d'achat est \u00e0 pr\u00e9senter \u00e0 l'\u00e9quipe","robots":{"index":"index","follow":"follow","max-snippet":"max-snippet:-1","max-image-preview":"max-image-preview:large","max-video-preview":"max-video-preview:-1"},"canonical":"https:\/\/www.whatthefit.fr\/index.php\/produit\/ten-fit-10-entrees\/","og_locale":"fr_FR","og_type":"article","og_title":"TEN FIT - 10 cours - What the Fit","og_description":"Achat d'une carte de 10 cours (TEN FIT), valable jusqu'\u00e0 la fin de l'ann\u00e9e scolaire en cours. L'e-mail de confirmation d'achat est \u00e0 pr\u00e9senter \u00e0 l'\u00e9quipe","og_url":"https:\/\/www.whatthefit.fr\/index.php\/produit\/ten-fit-10-entrees\/","og_site_name":"What the Fit","article_publisher":"https:\/\/www.facebook.com\/AdminWTFit\/","article_modified_time":"2025-08-31T21:27:07+00:00","og_image":[{"width":1007,"height":1007,"url":"https:\/\/www.whatthefit.fr\/wp-content\/uploads\/2025\/02\/TEN_Tarifs.png","type":"image\/png"}],"twitter_card":"summary_large_image","twitter_misc":{"Dur\u00e9e de lecture estim\u00e9e":"1 minute"},"schema":{"@context":"https:\/\/schema.org","@graph":[{"@type":"WebPage","@id":"https:\/\/www.whatthefit.fr\/index.php\/produit\/ten-fit-10-entrees\/","url":"https:\/\/www.whatthefit.fr\/index.php\/produit\/ten-fit-10-entrees\/","name":"TEN FIT - 10 cours - What the Fit","isPartOf":{"@id":"https:\/\/www.whatthefit.fr\/#website"},"primaryImageOfPage":{"@id":"https:\/\/www.whatthefit.fr\/index.php\/produit\/ten-fit-10-entrees\/#primaryimage"},"image":{"@id":"https:\/\/www.whatthefit.fr\/index.php\/produit\/ten-fit-10-entrees\/#primaryimage"},"thumbnailUrl":"https:\/\/www.whatthefit.fr\/wp-content\/uploads\/2025\/02\/TEN_Tarifs.png","datePublished":"2022-10-01T20:25:37+00:00","dateModified":"2025-08-31T21:27:07+00:00","description":"Achat d'une carte de 10 cours (TEN FIT), valable jusqu'\u00e0 la fin de l'ann\u00e9e scolaire en cours. L'e-mail de confirmation d'achat est \u00e0 pr\u00e9senter \u00e0 l'\u00e9quipe","breadcrumb":{"@id":"https:\/\/www.whatthefit.fr\/index.php\/produit\/ten-fit-10-entrees\/#breadcrumb"},"inLanguage":"fr-FR","potentialAction":[{"@type":"ReadAction","target":["https:\/\/www.whatthefit.fr\/index.php\/produit\/ten-fit-10-entrees\/"]}]},{"@type":"ImageObject","inLanguage":"fr-FR","@id":"https:\/\/www.whatthefit.fr\/index.php\/produit\/ten-fit-10-entrees\/#primaryimage","url":"https:\/\/www.whatthefit.fr\/wp-content\/uploads\/2025\/02\/TEN_Tarifs.png","contentUrl":"https:\/\/www.whatthefit.fr\/wp-content\/uploads\/2025\/02\/TEN_Tarifs.png","width":1007,"height":1007},{"@type":"BreadcrumbList","@id":"https:\/\/www.whatthefit.fr\/index.php\/produit\/ten-fit-10-entrees\/#breadcrumb","itemListElement":[{"@type":"ListItem","position":1,"name":"Accueil","item":"https:\/\/www.whatthefit.fr\/"},{"@type":"ListItem","position":2,"name":"Boutique","item":"https:\/\/www.whatthefit.fr\/index.php\/boutique\/"},{"@type":"ListItem","position":3,"name":"TEN FIT &#8211; 10 cours"}]},{"@type":"WebSite","@id":"https:\/\/www.whatthefit.fr\/#website","url":"https:\/\/www.whatthefit.fr\/","name":"What the Fit","description":"May the Fit be With You !","publisher":{"@id":"https:\/\/www.whatthefit.fr\/#organization"},"potentialAction":[{"@type":"SearchAction","target":{"@type":"EntryPoint","urlTemplate":"https:\/\/www.whatthefit.fr\/?s={search_term_string}"},"query-input":{"@type":"PropertyValueSpecification","valueRequired":true,"valueName":"search_term_string"}}],"inLanguage":"fr-FR"},{"@type":"Organization","@id":"https:\/\/www.whatthefit.fr\/#organization","name":"WTF - What the Fit","url":"https:\/\/www.whatthefit.fr\/","logo":{"@type":"ImageObject","inLanguage":"fr-FR","@id":"https:\/\/www.whatthefit.fr\/#\/schema\/logo\/image\/","url":"https:\/\/www.whatthefit.fr\/wp-content\/uploads\/2022\/09\/Copie-de-Logo-Flo-VF-Noir.png","contentUrl":"https:\/\/www.whatthefit.fr\/wp-content\/uploads\/2022\/09\/Copie-de-Logo-Flo-VF-Noir.png","width":1079,"height":1419,"caption":"WTF - What the Fit"},"image":{"@id":"https:\/\/www.whatthefit.fr\/#\/schema\/logo\/image\/"},"sameAs":["https:\/\/www.facebook.com\/AdminWTFit\/","https:\/\/www.instagram.com\/wtfwhatthefitaix\/"]}]}},"uagb_featured_image_src":{"full":["https:\/\/www.whatthefit.fr\/wp-content\/uploads\/2025\/02\/TEN_Tarifs.png",1007,1007,false],"thumbnail":["https:\/\/www.whatthefit.fr\/wp-content\/uploads\/2025\/02\/TEN_Tarifs-150x150.png",150,150,true],"medium":["https:\/\/www.whatthefit.fr\/wp-content\/uploads\/2025\/02\/TEN_Tarifs-300x300.png",300,300,true],"medium_large":["https:\/\/www.whatthefit.fr\/wp-content\/uploads\/2025\/02\/TEN_Tarifs-768x768.png",768,768,true],"large":["https:\/\/www.whatthefit.fr\/wp-content\/uploads\/2025\/02\/TEN_Tarifs.png",1007,1007,false],"1536x1536":["https:\/\/www.whatthefit.fr\/wp-content\/uploads\/2025\/02\/TEN_Tarifs.png",1007,1007,false],"2048x2048":["https:\/\/www.whatthefit.fr\/wp-content\/uploads\/2025\/02\/TEN_Tarifs.png",1007,1007,false],"ocean-thumb-m":["https:\/\/www.whatthefit.fr\/wp-content\/uploads\/2025\/02\/TEN_Tarifs-600x600.png",600,600,true],"ocean-thumb-ml":["https:\/\/www.whatthefit.fr\/wp-content\/uploads\/2025\/02\/TEN_Tarifs-800x450.png",800,450,true],"ocean-thumb-l":["https:\/\/www.whatthefit.fr\/wp-content\/uploads\/2025\/02\/TEN_Tarifs-1007x700.png",1007,700,true],"mailpoet_newsletter_max":["https:\/\/www.whatthefit.fr\/wp-content\/uploads\/2025\/02\/TEN_Tarifs.png",1007,1007,false],"woocommerce_thumbnail":["https:\/\/www.whatthefit.fr\/wp-content\/uploads\/2025\/02\/TEN_Tarifs-300x300.png",300,300,true],"woocommerce_single":["https:\/\/www.whatthefit.fr\/wp-content\/uploads\/2025\/02\/TEN_Tarifs-600x600.png",600,600,true],"woocommerce_gallery_thumbnail":["https:\/\/www.whatthefit.fr\/wp-content\/uploads\/2025\/02\/TEN_Tarifs-100x100.png",100,100,true]},"uagb_author_info":{"display_name":"Admin1944","author_link":"https:\/\/www.whatthefit.fr\/index.php\/author\/"},"uagb_comment_info":0,"uagb_excerpt":"Achat d&rsquo;une carte 100% digitale de 10 cours (TEN FIT), valable jusqu&rsquo;\u00e0 la fin de l&rsquo;ann\u00e9e scolaire en cours. Pour participer au cours de ton choix, il suffit de se pr\u00e9senter en salle muni.e du num\u00e9ro de commande (num\u00e9ro \u00e0 4 chiffres pr\u00e9sent dans le mail de confirmation d&rsquo;achat). Bonus : ta carte est non\u2026","_links":{"self":[{"href":"https:\/\/www.whatthefit.fr\/index.php\/wp-json\/wp\/v2\/product\/497","targetHints":{"allow":["GET"]}}],"collection":[{"href":"https:\/\/www.whatthefit.fr\/index.php\/wp-json\/wp\/v2\/product"}],"about":[{"href":"https:\/\/www.whatthefit.fr\/index.php\/wp-json\/wp\/v2\/types\/product"}],"wp:featuredmedia":[{"embeddable":true,"href":"https:\/\/www.whatthefit.fr\/index.php\/wp-json\/wp\/v2\/media\/3351"}],"wp:attachment":[{"href":"https:\/\/www.whatthefit.fr\/index.php\/wp-json\/wp\/v2\/media?parent=497"}],"wp:term":[{"taxonomy":"product_brand","embeddable":true,"href":"https:\/\/www.whatthefit.fr\/index.php\/wp-json\/wp\/v2\/product_brand?post=497"},{"taxonomy":"product_cat","embeddable":true,"href":"https:\/\/www.whatthefit.fr\/index.php\/wp-json\/wp\/v2\/product_cat?post=497"},{"taxonomy":"product_tag","embeddable":true,"href":"https:\/\/www.whatthefit.fr\/index.php\/wp-json\/wp\/v2\/product_tag?post=497"}],"curies":[{"name":"wp","href":"https:\/\/api.w.org\/{rel}","templated":true}]}}