{"id":744,"date":"2022-12-02T08:52:12","date_gmt":"2022-12-02T07:52:12","guid":{"rendered":"https:\/\/www.whatthefit.fr\/?post_type=product&#038;p=744"},"modified":"2025-04-10T13:41:41","modified_gmt":"2025-04-10T11:41:41","slug":"t-shirt-wtf","status":"publish","type":"product","link":"https:\/\/www.whatthefit.fr\/index.php\/produit\/t-shirt-wtf\/","title":{"rendered":"T-shirt WTF!"},"content":{"rendered":"<p><strong>T-shirt noir col V avec flocage devant (slogan WTF) et dans le dos (logo WTF).<\/strong><\/p>\n<div class=\"tech-info svelte-1mnlqsr\">\n<div class=\"tech-info svelte-1mnlqsr\">\n<p class=\"svelte-1mnlqsr\"><strong><em>Marque<\/em> <\/strong>: Roly<\/p>\n<p>T-shirt technique \u00e0 manches courtes pour femme. Tissu l\u00e9ger en polyester recycl\u00e9. Col \u00e0 d\u00e9tails crois\u00e9s et coutures de recouvrement. Empi\u00e8cement dos et manches en tissu respirant. Coutures avant et inclin\u00e9es sur les c\u00f4t\u00e9s et les \u00e9paules. Bas arrondi. Combin\u00e9 dans des tissus respirants et \u00e9lastiques.<\/p>\n<p class=\"svelte-1mnlqsr\"><strong><em>Composition<\/em> :<\/strong><\/p>\n<div class=\"tech-info svelte-1mnlqsr\">\n<p class=\"svelte-1mnlqsr\">Tissu principal : 100% polyester recycl\u00e9, tissu maill\u00e9 : 92% polyester recycl\u00e9, 8% \u00e9lasthanne 100 g\/m\u00b2. Grammage : 100g\/m\u00b2<\/p>\n<\/div>\n<div class=\"tech-info svelte-1mnlqsr\"><strong><em>Conseils d&rsquo;entretien<\/em> :<\/strong><\/div>\n<\/div>\n<div class=\"tech-info svelte-1mnlqsr\">Lavage en machine &#8211; 30\u00b0 max &#8211; normal <img decoding=\"async\" class=\"lz svelte-w1lrdd lz-ldd\" src=\"https:\/\/contents.mediadecathlon.com\/b82184\/k$31903faafe8f5bd1a80f5c7e109a28ae\/sq\/lavage-en-machine-30-max-normal.jpg?format=auto&amp;f=800x0\" sizes=\"(min-width: 0px) 40px, 100vw\" srcset=\"https:\/\/contents.mediadecathlon.com\/b82184\/k$31903faafe8f5bd1a80f5c7e109a28ae\/sq\/lavage-en-machine-30-max-normal.jpg?format=auto&amp;f=40x40 40w, https:\/\/contents.mediadecathlon.com\/b82184\/k$31903faafe8f5bd1a80f5c7e109a28ae\/sq\/lavage-en-machine-30-max-normal.jpg?format=auto&amp;f=80x80 80w, https:\/\/contents.mediadecathlon.com\/b82184\/k$31903faafe8f5bd1a80f5c7e109a28ae\/sq\/lavage-en-machine-30-max-normal.jpg?format=auto&amp;f=120x120 120w\" alt=\"Lavage en machine - 30\u00b0 max - normal\" width=\"\" height=\"\" aria-hidden=\"true\" data-broken=\"Image indisponible\" data-src=\"https:\/\/contents.mediadecathlon.com\/b82184\/k$31903faafe8f5bd1a80f5c7e109a28ae\/sq\/lavage-en-machine-30-max-normal.jpg?format=auto&amp;f=800x0\" data-srcset=\"https:\/\/contents.mediadecathlon.com\/b82184\/k$31903faafe8f5bd1a80f5c7e109a28ae\/sq\/lavage-en-machine-30-max-normal.jpg?format=auto&amp;f=40x40 40w, https:\/\/contents.mediadecathlon.com\/b82184\/k$31903faafe8f5bd1a80f5c7e109a28ae\/sq\/lavage-en-machine-30-max-normal.jpg?format=auto&amp;f=80x80 80w, https:\/\/contents.mediadecathlon.com\/b82184\/k$31903faafe8f5bd1a80f5c7e109a28ae\/sq\/lavage-en-machine-30-max-normal.jpg?format=auto&amp;f=120x120 120w\" data-sizes=\"(min-width: 0px) 40px, 100vw\" data-sourced=\"true\" \/><\/div>\n<div class=\"tech-info svelte-1mnlqsr\">Pas de blanchiment <img decoding=\"async\" class=\"lz svelte-w1lrdd lz-ldd\" src=\"https:\/\/contents.mediadecathlon.com\/b82173\/k$8d7d41c3e3daa5f57704de4c52cfaeb2\/sq\/pas-de-blanchiment.jpg?format=auto&amp;f=800x0\" sizes=\"(min-width: 0px) 40px, 100vw\" srcset=\"https:\/\/contents.mediadecathlon.com\/b82173\/k$8d7d41c3e3daa5f57704de4c52cfaeb2\/sq\/pas-de-blanchiment.jpg?format=auto&amp;f=40x40 40w, https:\/\/contents.mediadecathlon.com\/b82173\/k$8d7d41c3e3daa5f57704de4c52cfaeb2\/sq\/pas-de-blanchiment.jpg?format=auto&amp;f=80x80 80w, https:\/\/contents.mediadecathlon.com\/b82173\/k$8d7d41c3e3daa5f57704de4c52cfaeb2\/sq\/pas-de-blanchiment.jpg?format=auto&amp;f=120x120 120w\" alt=\"Pas de blanchiment\" width=\"\" height=\"\" aria-hidden=\"true\" data-broken=\"Image indisponible\" data-src=\"https:\/\/contents.mediadecathlon.com\/b82173\/k$8d7d41c3e3daa5f57704de4c52cfaeb2\/sq\/pas-de-blanchiment.jpg?format=auto&amp;f=800x0\" data-srcset=\"https:\/\/contents.mediadecathlon.com\/b82173\/k$8d7d41c3e3daa5f57704de4c52cfaeb2\/sq\/pas-de-blanchiment.jpg?format=auto&amp;f=40x40 40w, https:\/\/contents.mediadecathlon.com\/b82173\/k$8d7d41c3e3daa5f57704de4c52cfaeb2\/sq\/pas-de-blanchiment.jpg?format=auto&amp;f=80x80 80w, https:\/\/contents.mediadecathlon.com\/b82173\/k$8d7d41c3e3daa5f57704de4c52cfaeb2\/sq\/pas-de-blanchiment.jpg?format=auto&amp;f=120x120 120w\" data-sizes=\"(min-width: 0px) 40px, 100vw\" data-sourced=\"true\" \/><\/div>\n<\/div>\n<div class=\"tech-info svelte-1mnlqsr\">\n<div class=\"svelte-vbdfe7\">\n<p class=\"svelte-vbdfe7\">Pas de s\u00e9chage en tambour<img decoding=\"async\" class=\"lz svelte-w1lrdd lz-ldd\" src=\"https:\/\/contents.mediadecathlon.com\/b82171\/k$8d4674834893268058bf9ad03499faf0\/sq\/pas-de-sechage-en-tambour.jpg?format=auto&amp;f=800x0\" sizes=\"(min-width: 0px) 40px, 100vw\" srcset=\"https:\/\/contents.mediadecathlon.com\/b82171\/k$8d4674834893268058bf9ad03499faf0\/sq\/pas-de-sechage-en-tambour.jpg?format=auto&amp;f=40x40 40w, https:\/\/contents.mediadecathlon.com\/b82171\/k$8d4674834893268058bf9ad03499faf0\/sq\/pas-de-sechage-en-tambour.jpg?format=auto&amp;f=80x80 80w, https:\/\/contents.mediadecathlon.com\/b82171\/k$8d4674834893268058bf9ad03499faf0\/sq\/pas-de-sechage-en-tambour.jpg?format=auto&amp;f=120x120 120w\" alt=\"Pas de s\u00e9chage en tambour\" width=\"\" height=\"\" aria-hidden=\"true\" data-broken=\"Image indisponible\" data-src=\"https:\/\/contents.mediadecathlon.com\/b82171\/k$8d4674834893268058bf9ad03499faf0\/sq\/pas-de-sechage-en-tambour.jpg?format=auto&amp;f=800x0\" data-srcset=\"https:\/\/contents.mediadecathlon.com\/b82171\/k$8d4674834893268058bf9ad03499faf0\/sq\/pas-de-sechage-en-tambour.jpg?format=auto&amp;f=40x40 40w, https:\/\/contents.mediadecathlon.com\/b82171\/k$8d4674834893268058bf9ad03499faf0\/sq\/pas-de-sechage-en-tambour.jpg?format=auto&amp;f=80x80 80w, https:\/\/contents.mediadecathlon.com\/b82171\/k$8d4674834893268058bf9ad03499faf0\/sq\/pas-de-sechage-en-tambour.jpg?format=auto&amp;f=120x120 120w\" data-sizes=\"(min-width: 0px) 40px, 100vw\" data-sourced=\"true\" \/><\/p>\n<p class=\"svelte-vbdfe7\">Repasser \u00e0 basse temp\u00e9rature <img decoding=\"async\" class=\"lz svelte-w1lrdd lz-ldd\" src=\"https:\/\/contents.mediadecathlon.com\/b82166\/k$c01e735275fef1a5fb776b0557c08758\/sq\/repasser-a-une-temperature-maximale-de-110-sans-vapeur.jpg?format=auto&amp;f=800x0\" sizes=\"(min-width: 0px) 40px, 100vw\" srcset=\"https:\/\/contents.mediadecathlon.com\/b82166\/k$c01e735275fef1a5fb776b0557c08758\/sq\/repasser-a-une-temperature-maximale-de-110-sans-vapeur.jpg?format=auto&amp;f=40x40 40w, https:\/\/contents.mediadecathlon.com\/b82166\/k$c01e735275fef1a5fb776b0557c08758\/sq\/repasser-a-une-temperature-maximale-de-110-sans-vapeur.jpg?format=auto&amp;f=80x80 80w, https:\/\/contents.mediadecathlon.com\/b82166\/k$c01e735275fef1a5fb776b0557c08758\/sq\/repasser-a-une-temperature-maximale-de-110-sans-vapeur.jpg?format=auto&amp;f=120x120 120w\" alt=\"Repasser \u00e0 une temp\u00e9rature maximale de 110\u00b0 sans vapeur\" width=\"\" height=\"\" aria-hidden=\"true\" data-broken=\"Image indisponible\" data-src=\"https:\/\/contents.mediadecathlon.com\/b82166\/k$c01e735275fef1a5fb776b0557c08758\/sq\/repasser-a-une-temperature-maximale-de-110-sans-vapeur.jpg?format=auto&amp;f=800x0\" data-srcset=\"https:\/\/contents.mediadecathlon.com\/b82166\/k$c01e735275fef1a5fb776b0557c08758\/sq\/repasser-a-une-temperature-maximale-de-110-sans-vapeur.jpg?format=auto&amp;f=40x40 40w, https:\/\/contents.mediadecathlon.com\/b82166\/k$c01e735275fef1a5fb776b0557c08758\/sq\/repasser-a-une-temperature-maximale-de-110-sans-vapeur.jpg?format=auto&amp;f=80x80 80w, https:\/\/contents.mediadecathlon.com\/b82166\/k$c01e735275fef1a5fb776b0557c08758\/sq\/repasser-a-une-temperature-maximale-de-110-sans-vapeur.jpg?format=auto&amp;f=120x120 120w\" data-sizes=\"(min-width: 0px) 40px, 100vw\" data-sourced=\"true\" \/><\/p>\n<p class=\"svelte-vbdfe7\">Pas de nettoyage \u00e0 sec <img decoding=\"async\" class=\"lz svelte-w1lrdd lz-ldd\" src=\"https:\/\/contents.mediadecathlon.com\/b82163\/k$a0fc1af77b9689408b88ea1df53bb604\/sq\/pas-de-nettoyage-a-sec.jpg?format=auto&amp;f=800x0\" sizes=\"(min-width: 0px) 40px, 100vw\" srcset=\"https:\/\/contents.mediadecathlon.com\/b82163\/k$a0fc1af77b9689408b88ea1df53bb604\/sq\/pas-de-nettoyage-a-sec.jpg?format=auto&amp;f=40x40 40w, https:\/\/contents.mediadecathlon.com\/b82163\/k$a0fc1af77b9689408b88ea1df53bb604\/sq\/pas-de-nettoyage-a-sec.jpg?format=auto&amp;f=80x80 80w, https:\/\/contents.mediadecathlon.com\/b82163\/k$a0fc1af77b9689408b88ea1df53bb604\/sq\/pas-de-nettoyage-a-sec.jpg?format=auto&amp;f=120x120 120w\" alt=\"Pas de nettoyage \u00e0 sec\" width=\"\" height=\"\" aria-hidden=\"true\" data-broken=\"Image indisponible\" data-src=\"https:\/\/contents.mediadecathlon.com\/b82163\/k$a0fc1af77b9689408b88ea1df53bb604\/sq\/pas-de-nettoyage-a-sec.jpg?format=auto&amp;f=800x0\" data-srcset=\"https:\/\/contents.mediadecathlon.com\/b82163\/k$a0fc1af77b9689408b88ea1df53bb604\/sq\/pas-de-nettoyage-a-sec.jpg?format=auto&amp;f=40x40 40w, https:\/\/contents.mediadecathlon.com\/b82163\/k$a0fc1af77b9689408b88ea1df53bb604\/sq\/pas-de-nettoyage-a-sec.jpg?format=auto&amp;f=80x80 80w, https:\/\/contents.mediadecathlon.com\/b82163\/k$a0fc1af77b9689408b88ea1df53bb604\/sq\/pas-de-nettoyage-a-sec.jpg?format=auto&amp;f=120x120 120w\" data-sizes=\"(min-width: 0px) 40px, 100vw\" data-sourced=\"true\" \/><\/p>\n<\/div>\n<\/div>\n","protected":false},"excerpt":{"rendered":"<p><strong>T-shirt noir col V avec flocage devant (slogan WTF) et dans le dos (logo WTF).<\/strong><\/p>\n<div class=\"tech-info svelte-1mnlqsr\">\n<div class=\"tech-info svelte-1mnlqsr\">\n<p>Des manches courtes, une coupe slim pr\u00e8s du corps et une ligne simple, ce T-shirt vous offre une vraie libert\u00e9. Sa mati\u00e8re respirante et l\u00e9g\u00e8re en fait un bon partenaire pour vos activit\u00e9s sportives.<\/p>\n<\/div>\n<\/div>\n","protected":false},"featured_media":3462,"template":"","meta":{"_uag_custom_page_level_css":""},"product_brand":[],"product_cat":[37],"product_tag":[],"class_list":{"0":"post-744","1":"product","2":"type-product","3":"status-publish","4":"has-post-thumbnail","6":"product_cat-goodies","7":"entry","8":"has-media","10":"first","11":"outofstock","12":"shipping-taxable","13":"purchasable","14":"product-type-variable"},"yoast_head":"<!-- This site is optimized with the Yoast SEO plugin v27.5 - https:\/\/yoast.com\/product\/yoast-seo-wordpress\/ -->\n<title>T-shirt WTF! - What the Fit<\/title>\n<meta name=\"description\" content=\"T-shirt noir col V avec flocage rose p\u00e2le, devant (slogan WTF) et dans le dos (logo WTF). Des manches courtes, une coupe slim pr\u00e8s du corps\" \/>\n<meta name=\"robots\" content=\"index, follow, max-snippet:-1, max-image-preview:large, max-video-preview:-1\" \/>\n<link rel=\"canonical\" href=\"https:\/\/www.whatthefit.fr\/index.php\/produit\/t-shirt-wtf\/\" \/>\n<meta property=\"og:locale\" content=\"fr_FR\" \/>\n<meta property=\"og:type\" content=\"article\" \/>\n<meta property=\"og:title\" content=\"T-shirt WTF! - What the Fit\" \/>\n<meta property=\"og:description\" content=\"T-shirt noir col V avec flocage rose p\u00e2le, devant (slogan WTF) et dans le dos (logo WTF). Des manches courtes, une coupe slim pr\u00e8s du corps\" \/>\n<meta property=\"og:url\" content=\"https:\/\/www.whatthefit.fr\/index.php\/produit\/t-shirt-wtf\/\" \/>\n<meta property=\"og:site_name\" content=\"What the Fit\" \/>\n<meta property=\"article:publisher\" content=\"https:\/\/www.facebook.com\/AdminWTFit\/\" \/>\n<meta property=\"article:modified_time\" content=\"2025-04-10T11:41:41+00:00\" \/>\n<meta property=\"og:image\" content=\"https:\/\/www.whatthefit.fr\/wp-content\/uploads\/2025\/03\/3.png\" \/>\n\t<meta property=\"og:image:width\" content=\"1407\" \/>\n\t<meta property=\"og:image:height\" content=\"1393\" \/>\n\t<meta property=\"og:image:type\" content=\"image\/png\" \/>\n<meta name=\"twitter:card\" content=\"summary_large_image\" \/>\n<meta name=\"twitter:label1\" content=\"Dur\u00e9e de lecture estim\u00e9e\" \/>\n\t<meta name=\"twitter:data1\" content=\"2 minutes\" \/>\n<script type=\"application\/ld+json\" class=\"yoast-schema-graph\">{\"@context\":\"https:\\\/\\\/schema.org\",\"@graph\":[{\"@type\":\"WebPage\",\"@id\":\"https:\\\/\\\/www.whatthefit.fr\\\/index.php\\\/produit\\\/t-shirt-wtf\\\/\",\"url\":\"https:\\\/\\\/www.whatthefit.fr\\\/index.php\\\/produit\\\/t-shirt-wtf\\\/\",\"name\":\"T-shirt WTF! - What the Fit\",\"isPartOf\":{\"@id\":\"https:\\\/\\\/www.whatthefit.fr\\\/#website\"},\"primaryImageOfPage\":{\"@id\":\"https:\\\/\\\/www.whatthefit.fr\\\/index.php\\\/produit\\\/t-shirt-wtf\\\/#primaryimage\"},\"image\":{\"@id\":\"https:\\\/\\\/www.whatthefit.fr\\\/index.php\\\/produit\\\/t-shirt-wtf\\\/#primaryimage\"},\"thumbnailUrl\":\"https:\\\/\\\/www.whatthefit.fr\\\/wp-content\\\/uploads\\\/2025\\\/03\\\/3.png\",\"datePublished\":\"2022-12-02T07:52:12+00:00\",\"dateModified\":\"2025-04-10T11:41:41+00:00\",\"description\":\"T-shirt noir col V avec flocage rose p\u00e2le, devant (slogan WTF) et dans le dos (logo WTF). Des manches courtes, une coupe slim pr\u00e8s du corps\",\"breadcrumb\":{\"@id\":\"https:\\\/\\\/www.whatthefit.fr\\\/index.php\\\/produit\\\/t-shirt-wtf\\\/#breadcrumb\"},\"inLanguage\":\"fr-FR\",\"potentialAction\":[{\"@type\":\"ReadAction\",\"target\":[\"https:\\\/\\\/www.whatthefit.fr\\\/index.php\\\/produit\\\/t-shirt-wtf\\\/\"]}]},{\"@type\":\"ImageObject\",\"inLanguage\":\"fr-FR\",\"@id\":\"https:\\\/\\\/www.whatthefit.fr\\\/index.php\\\/produit\\\/t-shirt-wtf\\\/#primaryimage\",\"url\":\"https:\\\/\\\/www.whatthefit.fr\\\/wp-content\\\/uploads\\\/2025\\\/03\\\/3.png\",\"contentUrl\":\"https:\\\/\\\/www.whatthefit.fr\\\/wp-content\\\/uploads\\\/2025\\\/03\\\/3.png\",\"width\":1407,\"height\":1393},{\"@type\":\"BreadcrumbList\",\"@id\":\"https:\\\/\\\/www.whatthefit.fr\\\/index.php\\\/produit\\\/t-shirt-wtf\\\/#breadcrumb\",\"itemListElement\":[{\"@type\":\"ListItem\",\"position\":1,\"name\":\"Accueil\",\"item\":\"https:\\\/\\\/www.whatthefit.fr\\\/\"},{\"@type\":\"ListItem\",\"position\":2,\"name\":\"Boutique\",\"item\":\"https:\\\/\\\/www.whatthefit.fr\\\/index.php\\\/boutique\\\/\"},{\"@type\":\"ListItem\",\"position\":3,\"name\":\"T-shirt WTF!\"}]},{\"@type\":\"WebSite\",\"@id\":\"https:\\\/\\\/www.whatthefit.fr\\\/#website\",\"url\":\"https:\\\/\\\/www.whatthefit.fr\\\/\",\"name\":\"What the Fit\",\"description\":\"May the Fit be With You !\",\"publisher\":{\"@id\":\"https:\\\/\\\/www.whatthefit.fr\\\/#organization\"},\"potentialAction\":[{\"@type\":\"SearchAction\",\"target\":{\"@type\":\"EntryPoint\",\"urlTemplate\":\"https:\\\/\\\/www.whatthefit.fr\\\/?s={search_term_string}\"},\"query-input\":{\"@type\":\"PropertyValueSpecification\",\"valueRequired\":true,\"valueName\":\"search_term_string\"}}],\"inLanguage\":\"fr-FR\"},{\"@type\":\"Organization\",\"@id\":\"https:\\\/\\\/www.whatthefit.fr\\\/#organization\",\"name\":\"WTF - What the Fit\",\"url\":\"https:\\\/\\\/www.whatthefit.fr\\\/\",\"logo\":{\"@type\":\"ImageObject\",\"inLanguage\":\"fr-FR\",\"@id\":\"https:\\\/\\\/www.whatthefit.fr\\\/#\\\/schema\\\/logo\\\/image\\\/\",\"url\":\"https:\\\/\\\/www.whatthefit.fr\\\/wp-content\\\/uploads\\\/2022\\\/09\\\/Copie-de-Logo-Flo-VF-Noir.png\",\"contentUrl\":\"https:\\\/\\\/www.whatthefit.fr\\\/wp-content\\\/uploads\\\/2022\\\/09\\\/Copie-de-Logo-Flo-VF-Noir.png\",\"width\":1079,\"height\":1419,\"caption\":\"WTF - What the Fit\"},\"image\":{\"@id\":\"https:\\\/\\\/www.whatthefit.fr\\\/#\\\/schema\\\/logo\\\/image\\\/\"},\"sameAs\":[\"https:\\\/\\\/www.facebook.com\\\/AdminWTFit\\\/\",\"https:\\\/\\\/www.instagram.com\\\/wtfwhatthefitaix\\\/\"]}]}<\/script>\n<!-- \/ Yoast SEO plugin. -->","yoast_head_json":{"title":"T-shirt WTF! - What the Fit","description":"T-shirt noir col V avec flocage rose p\u00e2le, devant (slogan WTF) et dans le dos (logo WTF). Des manches courtes, une coupe slim pr\u00e8s du corps","robots":{"index":"index","follow":"follow","max-snippet":"max-snippet:-1","max-image-preview":"max-image-preview:large","max-video-preview":"max-video-preview:-1"},"canonical":"https:\/\/www.whatthefit.fr\/index.php\/produit\/t-shirt-wtf\/","og_locale":"fr_FR","og_type":"article","og_title":"T-shirt WTF! - What the Fit","og_description":"T-shirt noir col V avec flocage rose p\u00e2le, devant (slogan WTF) et dans le dos (logo WTF). Des manches courtes, une coupe slim pr\u00e8s du corps","og_url":"https:\/\/www.whatthefit.fr\/index.php\/produit\/t-shirt-wtf\/","og_site_name":"What the Fit","article_publisher":"https:\/\/www.facebook.com\/AdminWTFit\/","article_modified_time":"2025-04-10T11:41:41+00:00","og_image":[{"width":1407,"height":1393,"url":"https:\/\/www.whatthefit.fr\/wp-content\/uploads\/2025\/03\/3.png","type":"image\/png"}],"twitter_card":"summary_large_image","twitter_misc":{"Dur\u00e9e de lecture estim\u00e9e":"2 minutes"},"schema":{"@context":"https:\/\/schema.org","@graph":[{"@type":"WebPage","@id":"https:\/\/www.whatthefit.fr\/index.php\/produit\/t-shirt-wtf\/","url":"https:\/\/www.whatthefit.fr\/index.php\/produit\/t-shirt-wtf\/","name":"T-shirt WTF! - What the Fit","isPartOf":{"@id":"https:\/\/www.whatthefit.fr\/#website"},"primaryImageOfPage":{"@id":"https:\/\/www.whatthefit.fr\/index.php\/produit\/t-shirt-wtf\/#primaryimage"},"image":{"@id":"https:\/\/www.whatthefit.fr\/index.php\/produit\/t-shirt-wtf\/#primaryimage"},"thumbnailUrl":"https:\/\/www.whatthefit.fr\/wp-content\/uploads\/2025\/03\/3.png","datePublished":"2022-12-02T07:52:12+00:00","dateModified":"2025-04-10T11:41:41+00:00","description":"T-shirt noir col V avec flocage rose p\u00e2le, devant (slogan WTF) et dans le dos (logo WTF). Des manches courtes, une coupe slim pr\u00e8s du corps","breadcrumb":{"@id":"https:\/\/www.whatthefit.fr\/index.php\/produit\/t-shirt-wtf\/#breadcrumb"},"inLanguage":"fr-FR","potentialAction":[{"@type":"ReadAction","target":["https:\/\/www.whatthefit.fr\/index.php\/produit\/t-shirt-wtf\/"]}]},{"@type":"ImageObject","inLanguage":"fr-FR","@id":"https:\/\/www.whatthefit.fr\/index.php\/produit\/t-shirt-wtf\/#primaryimage","url":"https:\/\/www.whatthefit.fr\/wp-content\/uploads\/2025\/03\/3.png","contentUrl":"https:\/\/www.whatthefit.fr\/wp-content\/uploads\/2025\/03\/3.png","width":1407,"height":1393},{"@type":"BreadcrumbList","@id":"https:\/\/www.whatthefit.fr\/index.php\/produit\/t-shirt-wtf\/#breadcrumb","itemListElement":[{"@type":"ListItem","position":1,"name":"Accueil","item":"https:\/\/www.whatthefit.fr\/"},{"@type":"ListItem","position":2,"name":"Boutique","item":"https:\/\/www.whatthefit.fr\/index.php\/boutique\/"},{"@type":"ListItem","position":3,"name":"T-shirt WTF!"}]},{"@type":"WebSite","@id":"https:\/\/www.whatthefit.fr\/#website","url":"https:\/\/www.whatthefit.fr\/","name":"What the Fit","description":"May the Fit be With You !","publisher":{"@id":"https:\/\/www.whatthefit.fr\/#organization"},"potentialAction":[{"@type":"SearchAction","target":{"@type":"EntryPoint","urlTemplate":"https:\/\/www.whatthefit.fr\/?s={search_term_string}"},"query-input":{"@type":"PropertyValueSpecification","valueRequired":true,"valueName":"search_term_string"}}],"inLanguage":"fr-FR"},{"@type":"Organization","@id":"https:\/\/www.whatthefit.fr\/#organization","name":"WTF - What the Fit","url":"https:\/\/www.whatthefit.fr\/","logo":{"@type":"ImageObject","inLanguage":"fr-FR","@id":"https:\/\/www.whatthefit.fr\/#\/schema\/logo\/image\/","url":"https:\/\/www.whatthefit.fr\/wp-content\/uploads\/2022\/09\/Copie-de-Logo-Flo-VF-Noir.png","contentUrl":"https:\/\/www.whatthefit.fr\/wp-content\/uploads\/2022\/09\/Copie-de-Logo-Flo-VF-Noir.png","width":1079,"height":1419,"caption":"WTF - What the Fit"},"image":{"@id":"https:\/\/www.whatthefit.fr\/#\/schema\/logo\/image\/"},"sameAs":["https:\/\/www.facebook.com\/AdminWTFit\/","https:\/\/www.instagram.com\/wtfwhatthefitaix\/"]}]}},"uagb_featured_image_src":{"full":["https:\/\/www.whatthefit.fr\/wp-content\/uploads\/2025\/03\/3.png",1407,1393,false],"thumbnail":["https:\/\/www.whatthefit.fr\/wp-content\/uploads\/2025\/03\/3-150x150.png",150,150,true],"medium":["https:\/\/www.whatthefit.fr\/wp-content\/uploads\/2025\/03\/3-300x297.png",300,297,true],"medium_large":["https:\/\/www.whatthefit.fr\/wp-content\/uploads\/2025\/03\/3-768x760.png",768,760,true],"large":["https:\/\/www.whatthefit.fr\/wp-content\/uploads\/2025\/03\/3-1024x1014.png",1024,1014,true],"1536x1536":["https:\/\/www.whatthefit.fr\/wp-content\/uploads\/2025\/03\/3.png",1407,1393,false],"2048x2048":["https:\/\/www.whatthefit.fr\/wp-content\/uploads\/2025\/03\/3.png",1407,1393,false],"ocean-thumb-m":["https:\/\/www.whatthefit.fr\/wp-content\/uploads\/2025\/03\/3-600x600.png",600,600,true],"ocean-thumb-ml":["https:\/\/www.whatthefit.fr\/wp-content\/uploads\/2025\/03\/3-800x450.png",800,450,true],"ocean-thumb-l":["https:\/\/www.whatthefit.fr\/wp-content\/uploads\/2025\/03\/3-1200x700.png",1200,700,true],"mailpoet_newsletter_max":["https:\/\/www.whatthefit.fr\/wp-content\/uploads\/2025\/03\/3-1320x1307.png",1320,1307,true],"woocommerce_thumbnail":["https:\/\/www.whatthefit.fr\/wp-content\/uploads\/2025\/03\/3-300x300.png",300,300,true],"woocommerce_single":["https:\/\/www.whatthefit.fr\/wp-content\/uploads\/2025\/03\/3-600x594.png",600,594,true],"woocommerce_gallery_thumbnail":["https:\/\/www.whatthefit.fr\/wp-content\/uploads\/2025\/03\/3-100x100.png",100,100,true]},"uagb_author_info":{"display_name":"Admin1944","author_link":"https:\/\/www.whatthefit.fr\/index.php\/author\/"},"uagb_comment_info":0,"uagb_excerpt":"T-shirt noir col V avec flocage devant (slogan WTF) et dans le dos (logo WTF). Des manches courtes, une coupe slim pr\u00e8s du corps et une ligne simple, ce T-shirt vous offre une vraie libert\u00e9. Sa mati\u00e8re respirante et l\u00e9g\u00e8re en fait un bon partenaire pour vos activit\u00e9s sportives.","_links":{"self":[{"href":"https:\/\/www.whatthefit.fr\/index.php\/wp-json\/wp\/v2\/product\/744","targetHints":{"allow":["GET"]}}],"collection":[{"href":"https:\/\/www.whatthefit.fr\/index.php\/wp-json\/wp\/v2\/product"}],"about":[{"href":"https:\/\/www.whatthefit.fr\/index.php\/wp-json\/wp\/v2\/types\/product"}],"wp:featuredmedia":[{"embeddable":true,"href":"https:\/\/www.whatthefit.fr\/index.php\/wp-json\/wp\/v2\/media\/3462"}],"wp:attachment":[{"href":"https:\/\/www.whatthefit.fr\/index.php\/wp-json\/wp\/v2\/media?parent=744"}],"wp:term":[{"taxonomy":"product_brand","embeddable":true,"href":"https:\/\/www.whatthefit.fr\/index.php\/wp-json\/wp\/v2\/product_brand?post=744"},{"taxonomy":"product_cat","embeddable":true,"href":"https:\/\/www.whatthefit.fr\/index.php\/wp-json\/wp\/v2\/product_cat?post=744"},{"taxonomy":"product_tag","embeddable":true,"href":"https:\/\/www.whatthefit.fr\/index.php\/wp-json\/wp\/v2\/product_tag?post=744"}],"curies":[{"name":"wp","href":"https:\/\/api.w.org\/{rel}","templated":true}]}}